{"id":996771,"date":"2023-02-24T13:04:20","date_gmt":"2023-02-24T13:04:20","guid":{"rendered":"https:\/\/isfelevator.com\/product\/fsl2n-photocells\/"},"modified":"2023-02-28T05:59:40","modified_gmt":"2023-02-28T05:59:40","slug":"photocellules-fsl2n","status":"publish","type":"product","link":"https:\/\/isfelevator.com\/fr\/product\/photocellules-fsl2n\/","title":{"rendered":"Photocellules FSL2N"},"content":{"rendered":"<p><strong><span style=\"vertical-align: inherit;\">Photocellules FSL2N<\/span><\/strong><\/p>\n<p><strong><span style=\"vertical-align: inherit;\">CARACT\u00c9RISTIQUES<\/span><\/strong><span style=\"vertical-align: inherit;\"> 2 capteurs infrarouges. Compos\u00e9 de capteurs face. Poss\u00e8de une sortie de contact de relais NO\/NC.<\/span><\/p>\n","protected":false},"excerpt":{"rendered":"<p><strong><span style=\"vertical-align: inherit;\">Cellule photo\u00e9lectrique \u00e0 faisceau FSL2N<\/span><\/strong><span style=\"vertical-align: inherit;\"> . 2 \u00e9metteurs, 2 r\u00e9cepteurs. Jusqu&rsquo;\u00e0 2000mm.<\/span><\/p>\n","protected":false},"featured_media":992595,"comment_status":"open","ping_status":"closed","template":"","meta":[],"product_brand":[],"product_cat":[682,784,688],"product_tag":[],"class_list":{"0":"post-996771","1":"product","2":"type-product","3":"status-publish","4":"has-post-thumbnail","6":"product_cat-controleurs-dascenseur","7":"product_cat-detecteurs-de-porte","8":"product_cat-unites-auxiliaires","10":"first","11":"instock","12":"shipping-taxable","13":"product-type-simple","14":"prodpage-style2"},"_links":{"self":[{"href":"https:\/\/isfelevator.com\/fr\/wp-json\/wp\/v2\/product\/996771","targetHints":{"allow":["GET"]}}],"collection":[{"href":"https:\/\/isfelevator.com\/fr\/wp-json\/wp\/v2\/product"}],"about":[{"href":"https:\/\/isfelevator.com\/fr\/wp-json\/wp\/v2\/types\/product"}],"replies":[{"embeddable":true,"href":"https:\/\/isfelevator.com\/fr\/wp-json\/wp\/v2\/comments?post=996771"}],"wp:featuredmedia":[{"embeddable":true,"href":"https:\/\/isfelevator.com\/fr\/wp-json\/wp\/v2\/media\/992595"}],"wp:attachment":[{"href":"https:\/\/isfelevator.com\/fr\/wp-json\/wp\/v2\/media?parent=996771"}],"wp:term":[{"taxonomy":"product_brand","embeddable":true,"href":"https:\/\/isfelevator.com\/fr\/wp-json\/wp\/v2\/product_brand?post=996771"},{"taxonomy":"product_cat","embeddable":true,"href":"https:\/\/isfelevator.com\/fr\/wp-json\/wp\/v2\/product_cat?post=996771"},{"taxonomy":"product_tag","embeddable":true,"href":"https:\/\/isfelevator.com\/fr\/wp-json\/wp\/v2\/product_tag?post=996771"}],"curies":[{"name":"wp","href":"https:\/\/api.w.org\/{rel}","templated":true}]}}