{"id":996754,"date":"2023-02-24T13:04:20","date_gmt":"2023-02-24T13:04:20","guid":{"rendered":"https:\/\/isfelevator.com\/product\/ek-1-hand-terminal\/"},"modified":"2023-02-27T20:07:01","modified_gmt":"2023-02-27T20:07:01","slug":"terminal-manuel-ek-1","status":"publish","type":"product","link":"https:\/\/isfelevator.com\/fr\/product\/terminal-manuel-ek-1\/","title":{"rendered":"Terminal manuel EK-1"},"content":{"rendered":"<p><strong><span style=\"vertical-align: inherit;\">Terminal manuel EK-1<\/span><\/strong><\/p>\n<p><strong><span style=\"vertical-align: inherit;\">CARACT\u00c9RISTIQUES<\/span><\/strong><\/p>\n<p><span style=\"vertical-align: inherit;\">Fonctionnement \u00e9lectrique d&rsquo;urgence \u00e0 partir du panneau de commande et op\u00e9ration d&rsquo;inspection sur le toit de la cabine. Commutateur de fonctionnement. Boutons de mouvement. Arr\u00eat d&rsquo;urgence (peut \u00eatre verrouill\u00e9).<\/span><\/p>\n","protected":false},"excerpt":{"rendered":"<p><strong><span style=\"vertical-align: inherit;\">Terminal manuel<\/span><\/strong><span style=\"vertical-align: inherit;\"> (inspection et contr\u00f4le manuel)<\/span><\/p>\n","protected":false},"featured_media":992577,"comment_status":"open","ping_status":"closed","template":"","meta":[],"product_brand":[],"product_cat":[682,712,688],"product_tag":[],"class_list":{"0":"post-996754","1":"product","2":"type-product","3":"status-publish","4":"has-post-thumbnail","6":"product_cat-controleurs-dascenseur","7":"product_cat-ensembles-dinspection-et-dalarme","8":"product_cat-unites-auxiliaires","10":"first","11":"instock","12":"shipping-taxable","13":"product-type-simple","14":"prodpage-style2"},"_links":{"self":[{"href":"https:\/\/isfelevator.com\/fr\/wp-json\/wp\/v2\/product\/996754","targetHints":{"allow":["GET"]}}],"collection":[{"href":"https:\/\/isfelevator.com\/fr\/wp-json\/wp\/v2\/product"}],"about":[{"href":"https:\/\/isfelevator.com\/fr\/wp-json\/wp\/v2\/types\/product"}],"replies":[{"embeddable":true,"href":"https:\/\/isfelevator.com\/fr\/wp-json\/wp\/v2\/comments?post=996754"}],"wp:featuredmedia":[{"embeddable":true,"href":"https:\/\/isfelevator.com\/fr\/wp-json\/wp\/v2\/media\/992577"}],"wp:attachment":[{"href":"https:\/\/isfelevator.com\/fr\/wp-json\/wp\/v2\/media?parent=996754"}],"wp:term":[{"taxonomy":"product_brand","embeddable":true,"href":"https:\/\/isfelevator.com\/fr\/wp-json\/wp\/v2\/product_brand?post=996754"},{"taxonomy":"product_cat","embeddable":true,"href":"https:\/\/isfelevator.com\/fr\/wp-json\/wp\/v2\/product_cat?post=996754"},{"taxonomy":"product_tag","embeddable":true,"href":"https:\/\/isfelevator.com\/fr\/wp-json\/wp\/v2\/product_tag?post=996754"}],"curies":[{"name":"wp","href":"https:\/\/api.w.org\/{rel}","templated":true}]}}