{"id":996747,"date":"2023-02-24T13:04:20","date_gmt":"2023-02-24T13:04:20","guid":{"rendered":"https:\/\/isfelevator.com\/product\/rk-12-revision-box\/"},"modified":"2023-02-27T20:01:51","modified_gmt":"2023-02-27T20:01:51","slug":"boite-de-revision-rk-12","status":"publish","type":"product","link":"https:\/\/isfelevator.com\/fr\/product\/boite-de-revision-rk-12\/","title":{"rendered":"Bo\u00eete de r\u00e9vision RK-12"},"content":{"rendered":"<p><strong><span style=\"vertical-align: inherit;\">Bo\u00eete de r\u00e9vision RK-12<\/span><\/strong><\/p>\n<p><strong><span style=\"vertical-align: inherit;\">CARACT\u00c9RISTIQUES<\/span><\/strong><\/p>\n<p><span style=\"vertical-align: inherit;\">Compatible avec les syst\u00e8mes avec installation parall\u00e8le de la voiture jusqu&rsquo;\u00e0 16 arr\u00eats Sortie de la lampe d&rsquo;\u00e9clairage d&rsquo;urgence en cas de panne de secteur Alarme Gong Batterie 12V et charge de la batterie 2 fiches \u00c9clairage Connexion sp\u00e9ciale pour le circuit de s\u00e9curit\u00e9 La commodit\u00e9 de contr\u00f4ler \u00e0 partir de n&rsquo;importe quel point de la voiture par la main EK-1 terminal Large espace pour un travail confortable.<\/span><\/p>\n","protected":false},"excerpt":{"rendered":"<p><strong><span style=\"vertical-align: inherit;\">Bo\u00eetier d&rsquo;inspection standard <\/span><\/strong><span style=\"vertical-align: inherit;\"><strong>RK-12<\/strong> (charge de la batterie + alarme + gong)<\/span><\/p>\n","protected":false},"featured_media":992571,"comment_status":"open","ping_status":"closed","template":"","meta":[],"product_brand":[],"product_cat":[682,712,688],"product_tag":[],"class_list":{"0":"post-996747","1":"product","2":"type-product","3":"status-publish","4":"has-post-thumbnail","6":"product_cat-controleurs-dascenseur","7":"product_cat-ensembles-dinspection-et-dalarme","8":"product_cat-unites-auxiliaires","10":"first","11":"instock","12":"shipping-taxable","13":"product-type-simple","14":"prodpage-style2"},"_links":{"self":[{"href":"https:\/\/isfelevator.com\/fr\/wp-json\/wp\/v2\/product\/996747","targetHints":{"allow":["GET"]}}],"collection":[{"href":"https:\/\/isfelevator.com\/fr\/wp-json\/wp\/v2\/product"}],"about":[{"href":"https:\/\/isfelevator.com\/fr\/wp-json\/wp\/v2\/types\/product"}],"replies":[{"embeddable":true,"href":"https:\/\/isfelevator.com\/fr\/wp-json\/wp\/v2\/comments?post=996747"}],"wp:featuredmedia":[{"embeddable":true,"href":"https:\/\/isfelevator.com\/fr\/wp-json\/wp\/v2\/media\/992571"}],"wp:attachment":[{"href":"https:\/\/isfelevator.com\/fr\/wp-json\/wp\/v2\/media?parent=996747"}],"wp:term":[{"taxonomy":"product_brand","embeddable":true,"href":"https:\/\/isfelevator.com\/fr\/wp-json\/wp\/v2\/product_brand?post=996747"},{"taxonomy":"product_cat","embeddable":true,"href":"https:\/\/isfelevator.com\/fr\/wp-json\/wp\/v2\/product_cat?post=996747"},{"taxonomy":"product_tag","embeddable":true,"href":"https:\/\/isfelevator.com\/fr\/wp-json\/wp\/v2\/product_tag?post=996747"}],"curies":[{"name":"wp","href":"https:\/\/api.w.org\/{rel}","templated":true}]}}