{"id":996731,"date":"2023-02-24T13:04:20","date_gmt":"2023-02-24T13:04:20","guid":{"rendered":"https:\/\/isfelevator.com\/product\/rk-32-revision-box\/"},"modified":"2023-02-27T19:50:20","modified_gmt":"2023-02-27T19:50:20","slug":"boite-de-revision-rk-32","status":"publish","type":"product","link":"https:\/\/isfelevator.com\/fr\/product\/boite-de-revision-rk-32\/","title":{"rendered":"Bo\u00eete de r\u00e9vision RK-32"},"content":{"rendered":"<p><strong><span style=\"vertical-align: inherit;\">Bo\u00eete de r\u00e9vision RK-32<\/span><\/strong><\/p>\n<p><strong><span style=\"vertical-align: inherit;\">CARACT\u00c9RISTIQUES<\/span><\/strong><\/p>\n<p><span style=\"vertical-align: inherit;\">Prise en charge de l&rsquo;installation de la voiture pour les panneaux de commande ARL-300 de plus de 16 arr\u00eats Comprend toutes les fonctionnalit\u00e9s de la bo\u00eete d&rsquo;inspection standard RK12 Comprend la carte de connexion de voiture s\u00e9rie FX_SERI-32 Permet de r\u00e9duire les co\u00fbts en n\u00e9cessitant moins de mat\u00e9riel pour les boutons de la voiture, num\u00e9rique, surcharge, pleine gong, fl\u00e8ches de direction, lampe de voiture, boutons d&rsquo;ouverture et de fermeture automatiques des portes et boutons de mouvement d&rsquo;inspection Connexion sp\u00e9ciale pour le circuit de s\u00e9curit\u00e9 La commodit\u00e9 de contr\u00f4ler \u00e0 partir de n&rsquo;importe quel point de la voiture par le terminal manuel EK-1 Grand espace pour un travail confortable<\/span><\/p>\n","protected":false},"excerpt":{"rendered":"<p><strong><span style=\"vertical-align: inherit;\">RK-32 <\/span><\/strong> <strong><span style=\"vertical-align: inherit;\">Bo\u00eetier d&rsquo;inspection s\u00e9rie RK-32<\/span><\/strong><span style=\"vertical-align: inherit;\"> (FX_SERI_32 + Charge de batterie + Alarme + Gong)<\/span><\/p>\n","protected":false},"featured_media":992559,"comment_status":"open","ping_status":"closed","template":"","meta":[],"product_brand":[],"product_cat":[682,712,688],"product_tag":[],"class_list":{"0":"post-996731","1":"product","2":"type-product","3":"status-publish","4":"has-post-thumbnail","6":"product_cat-controleurs-dascenseur","7":"product_cat-ensembles-dinspection-et-dalarme","8":"product_cat-unites-auxiliaires","10":"first","11":"instock","12":"shipping-taxable","13":"product-type-simple","14":"prodpage-style2"},"_links":{"self":[{"href":"https:\/\/isfelevator.com\/fr\/wp-json\/wp\/v2\/product\/996731","targetHints":{"allow":["GET"]}}],"collection":[{"href":"https:\/\/isfelevator.com\/fr\/wp-json\/wp\/v2\/product"}],"about":[{"href":"https:\/\/isfelevator.com\/fr\/wp-json\/wp\/v2\/types\/product"}],"replies":[{"embeddable":true,"href":"https:\/\/isfelevator.com\/fr\/wp-json\/wp\/v2\/comments?post=996731"}],"wp:featuredmedia":[{"embeddable":true,"href":"https:\/\/isfelevator.com\/fr\/wp-json\/wp\/v2\/media\/992559"}],"wp:attachment":[{"href":"https:\/\/isfelevator.com\/fr\/wp-json\/wp\/v2\/media?parent=996731"}],"wp:term":[{"taxonomy":"product_brand","embeddable":true,"href":"https:\/\/isfelevator.com\/fr\/wp-json\/wp\/v2\/product_brand?post=996731"},{"taxonomy":"product_cat","embeddable":true,"href":"https:\/\/isfelevator.com\/fr\/wp-json\/wp\/v2\/product_cat?post=996731"},{"taxonomy":"product_tag","embeddable":true,"href":"https:\/\/isfelevator.com\/fr\/wp-json\/wp\/v2\/product_tag?post=996731"}],"curies":[{"name":"wp","href":"https:\/\/api.w.org\/{rel}","templated":true}]}}