{"id":996721,"date":"2023-02-24T13:04:42","date_gmt":"2023-02-24T13:04:42","guid":{"rendered":"https:\/\/isfelevator.com\/product\/sp-16\/"},"modified":"2023-02-27T19:41:55","modified_gmt":"2023-02-27T19:41:55","slug":"sp-16","status":"publish","type":"product","link":"https:\/\/isfelevator.com\/fr\/product\/sp-16\/","title":{"rendered":"SP-16"},"content":{"rendered":"<p><strong>SP-16<\/strong><\/p>\n<p><strong><span style=\"vertical-align: inherit;\">Caract\u00e9ristiques<\/span><\/strong><span style=\"vertical-align: inherit;\"> Peut fonctionner en syst\u00e8me collectif haut\/bas (16 \u00e9tages) et collectif complet (9 \u00e9tages). Sorties 7 segments (9 sorties) et indicateur 2&#215;7 segments Sorties code Gray (5 sorties) Sorties relais pr\u00e9d\u00e9finies (hors service, occup\u00e9, bas et haut) (4 sorties) Pour pouvoir fonctionner avec ARL500 et ARCODE . ARL500 et ARCODE sistemleriyle birlikte \u00e7al\u0131\u015fabilme. Programmation facile avec dipswitches.<\/span><\/p>\n","protected":false},"excerpt":{"rendered":"<p><strong><span style=\"vertical-align: inherit;\">SP-16 est un module convertisseur parall\u00e8le\/s\u00e9rie qui peut \u00eatre utilis\u00e9 dans ARL500 et ARCODE. <\/span><\/strong><span style=\"vertical-align: inherit;\">Le SP-16 permet d&rsquo;utiliser des installations de voiture parall\u00e8les existantes avec des panneaux de contr\u00f4le ARL500 et ARCODE qui fonctionnent normalement avec une communication s\u00e9rie. Une seule carte SP16 prend en charge 16 \u00e9tages en fonctionnement collectif haut\/bas et 9 \u00e9tages en fonctionnement collectif complet. Plus d&rsquo;une seule planche peut \u00eatre utilis\u00e9e pour un support plus \u00e9lev\u00e9. Avec SP16, les connexions c\u00e2bl\u00e9es parall\u00e8les existantes peuvent \u00eatre utilis\u00e9es via des sorties \u00e0 7 segments et \u00e0 code Gray.<\/span><\/p>\n","protected":false},"featured_media":992697,"comment_status":"open","ping_status":"closed","template":"","meta":[],"product_brand":[],"product_cat":[724,682,688],"product_tag":[],"class_list":{"0":"post-996721","1":"product","2":"type-product","3":"status-publish","4":"has-post-thumbnail","6":"product_cat-autres-produits","7":"product_cat-controleurs-dascenseur","8":"product_cat-unites-auxiliaires","10":"first","11":"instock","12":"shipping-taxable","13":"product-type-simple","14":"prodpage-style2"},"_links":{"self":[{"href":"https:\/\/isfelevator.com\/fr\/wp-json\/wp\/v2\/product\/996721","targetHints":{"allow":["GET"]}}],"collection":[{"href":"https:\/\/isfelevator.com\/fr\/wp-json\/wp\/v2\/product"}],"about":[{"href":"https:\/\/isfelevator.com\/fr\/wp-json\/wp\/v2\/types\/product"}],"replies":[{"embeddable":true,"href":"https:\/\/isfelevator.com\/fr\/wp-json\/wp\/v2\/comments?post=996721"}],"wp:featuredmedia":[{"embeddable":true,"href":"https:\/\/isfelevator.com\/fr\/wp-json\/wp\/v2\/media\/992697"}],"wp:attachment":[{"href":"https:\/\/isfelevator.com\/fr\/wp-json\/wp\/v2\/media?parent=996721"}],"wp:term":[{"taxonomy":"product_brand","embeddable":true,"href":"https:\/\/isfelevator.com\/fr\/wp-json\/wp\/v2\/product_brand?post=996721"},{"taxonomy":"product_cat","embeddable":true,"href":"https:\/\/isfelevator.com\/fr\/wp-json\/wp\/v2\/product_cat?post=996721"},{"taxonomy":"product_tag","embeddable":true,"href":"https:\/\/isfelevator.com\/fr\/wp-json\/wp\/v2\/product_tag?post=996721"}],"curies":[{"name":"wp","href":"https:\/\/api.w.org\/{rel}","templated":true}]}}