{"id":996712,"date":"2023-02-24T13:04:42","date_gmt":"2023-02-24T13:04:42","guid":{"rendered":"https:\/\/isfelevator.com\/product\/fx_series_32\/"},"modified":"2023-02-27T18:47:06","modified_gmt":"2023-02-27T18:47:06","slug":"fx_series_32","status":"publish","type":"product","link":"https:\/\/isfelevator.com\/fr\/product\/fx_series_32\/","title":{"rendered":"Fx_Series_32"},"content":{"rendered":"<p><strong>Fx_Series_32<\/strong><\/p>\n<p><strong><span style=\"vertical-align: inherit;\">CARACT\u00c9RISTIQUES<\/span><\/strong><span style=\"vertical-align: inherit;\"> Unit\u00e9 de communication de voiture en s\u00e9rie pour le contr\u00f4leur d&rsquo;ascenseur ARL-300 con\u00e7u pour plus de 16 \u00e9tages. Prend en charge jusqu&rsquo;\u00e0 24 \u00e9tages Communique avec le contr\u00f4leur d&rsquo;ascenseur ARL-300 via 2 c\u00e2bles Utilis\u00e9 dans le bo\u00eetier d&rsquo;inspection pour les commandes de cabine et dans le panneau de contr\u00f4le pour les appels palier S\u00e9lection du mode de fonctionnement (commandes cabine ou appels palier) avec un cavalier Sorties code gris\/binaire programm\u00e9es avec Menu du contr\u00f4leur d&rsquo;ascenseur ARL-300 Les sorties d&rsquo;affichage A, B, C, D, E, F, G sur la carte FX-SERI32 peuvent \u00eatre programm\u00e9es en 7 segments, code Gray, code Gray invers\u00e9, code binaire et code binaire invers\u00e9<\/span><\/p>\n","protected":false},"excerpt":{"rendered":"<p><strong><span style=\"vertical-align: inherit;\">Unit\u00e9 de communication s\u00e9rie pour immeubles de grande hauteur<\/span><\/strong><\/p>\n","protected":false},"featured_media":992691,"comment_status":"open","ping_status":"closed","template":"","meta":[],"product_brand":[],"product_cat":[724,682,688],"product_tag":[],"class_list":{"0":"post-996712","1":"product","2":"type-product","3":"status-publish","4":"has-post-thumbnail","6":"product_cat-autres-produits","7":"product_cat-controleurs-dascenseur","8":"product_cat-unites-auxiliaires","10":"first","11":"instock","12":"shipping-taxable","13":"product-type-simple","14":"prodpage-style2"},"_links":{"self":[{"href":"https:\/\/isfelevator.com\/fr\/wp-json\/wp\/v2\/product\/996712","targetHints":{"allow":["GET"]}}],"collection":[{"href":"https:\/\/isfelevator.com\/fr\/wp-json\/wp\/v2\/product"}],"about":[{"href":"https:\/\/isfelevator.com\/fr\/wp-json\/wp\/v2\/types\/product"}],"replies":[{"embeddable":true,"href":"https:\/\/isfelevator.com\/fr\/wp-json\/wp\/v2\/comments?post=996712"}],"wp:featuredmedia":[{"embeddable":true,"href":"https:\/\/isfelevator.com\/fr\/wp-json\/wp\/v2\/media\/992691"}],"wp:attachment":[{"href":"https:\/\/isfelevator.com\/fr\/wp-json\/wp\/v2\/media?parent=996712"}],"wp:term":[{"taxonomy":"product_brand","embeddable":true,"href":"https:\/\/isfelevator.com\/fr\/wp-json\/wp\/v2\/product_brand?post=996712"},{"taxonomy":"product_cat","embeddable":true,"href":"https:\/\/isfelevator.com\/fr\/wp-json\/wp\/v2\/product_cat?post=996712"},{"taxonomy":"product_tag","embeddable":true,"href":"https:\/\/isfelevator.com\/fr\/wp-json\/wp\/v2\/product_tag?post=996712"}],"curies":[{"name":"wp","href":"https:\/\/api.w.org\/{rel}","templated":true}]}}