{"id":996704,"date":"2023-02-24T13:04:42","date_gmt":"2023-02-24T13:04:42","guid":{"rendered":"https:\/\/isfelevator.com\/product\/fx_series\/"},"modified":"2023-02-27T18:37:51","modified_gmt":"2023-02-27T18:37:51","slug":"fx_series","status":"publish","type":"product","link":"https:\/\/isfelevator.com\/fr\/product\/fx_series\/","title":{"rendered":"Fx_Series"},"content":{"rendered":"<p><strong>Fx_Series.<\/strong><\/p>\n<p><strong><span style=\"vertical-align: inherit;\">CARACT\u00c9RISTIQUES<\/span><\/strong><span style=\"vertical-align: inherit;\"> Prend en charge jusqu&rsquo;\u00e0 16 \u00e9tages Communique avec les contr\u00f4leurs ARL-200 et ARL-300 via deux c\u00e2bles. Aucune installation n&rsquo;est n\u00e9cessaire entre la voiture et le panneau de commande pour les boutons de la voiture, l&rsquo;affichage, la surcharge, la pleine charge et le gong. \u00c9galement pour les fl\u00e8ches de direction, la lampe de voiture, les boutons de fermeture et d&rsquo;ouverture automatiques des portes, les boutons d&rsquo;op\u00e9ration d&rsquo;inspection.<\/span><\/p>\n","protected":false},"excerpt":{"rendered":"<p><strong><span style=\"vertical-align: inherit;\">Carte de communication s\u00e9rie de voiture<\/span><\/strong><span style=\"vertical-align: inherit;\"> Unit\u00e9 de communication s\u00e9rie (jusqu&rsquo;\u00e0 16 \u00e9tages pour ARL-200S et ARL-300)<\/span><\/p>\n","protected":false},"featured_media":992685,"comment_status":"open","ping_status":"closed","template":"","meta":[],"product_brand":[],"product_cat":[724,682,688],"product_tag":[],"class_list":{"0":"post-996704","1":"product","2":"type-product","3":"status-publish","4":"has-post-thumbnail","6":"product_cat-autres-produits","7":"product_cat-controleurs-dascenseur","8":"product_cat-unites-auxiliaires","10":"first","11":"instock","12":"shipping-taxable","13":"product-type-simple","14":"prodpage-style2"},"_links":{"self":[{"href":"https:\/\/isfelevator.com\/fr\/wp-json\/wp\/v2\/product\/996704","targetHints":{"allow":["GET"]}}],"collection":[{"href":"https:\/\/isfelevator.com\/fr\/wp-json\/wp\/v2\/product"}],"about":[{"href":"https:\/\/isfelevator.com\/fr\/wp-json\/wp\/v2\/types\/product"}],"replies":[{"embeddable":true,"href":"https:\/\/isfelevator.com\/fr\/wp-json\/wp\/v2\/comments?post=996704"}],"wp:featuredmedia":[{"embeddable":true,"href":"https:\/\/isfelevator.com\/fr\/wp-json\/wp\/v2\/media\/992685"}],"wp:attachment":[{"href":"https:\/\/isfelevator.com\/fr\/wp-json\/wp\/v2\/media?parent=996704"}],"wp:term":[{"taxonomy":"product_brand","embeddable":true,"href":"https:\/\/isfelevator.com\/fr\/wp-json\/wp\/v2\/product_brand?post=996704"},{"taxonomy":"product_cat","embeddable":true,"href":"https:\/\/isfelevator.com\/fr\/wp-json\/wp\/v2\/product_cat?post=996704"},{"taxonomy":"product_tag","embeddable":true,"href":"https:\/\/isfelevator.com\/fr\/wp-json\/wp\/v2\/product_tag?post=996704"}],"curies":[{"name":"wp","href":"https:\/\/api.w.org\/{rel}","templated":true}]}}