{"id":996695,"date":"2023-02-24T13:04:42","date_gmt":"2023-02-24T13:04:42","guid":{"rendered":"https:\/\/isfelevator.com\/product\/apre\/"},"modified":"2023-02-27T18:22:18","modified_gmt":"2023-02-27T18:22:18","slug":"apre","status":"publish","type":"product","link":"https:\/\/isfelevator.com\/fr\/product\/apre\/","title":{"rendered":"ApRe"},"content":{"rendered":"<p><strong><span style=\"vertical-align: inherit;\">ApRe.<\/span><\/strong><\/p>\n<p><strong><span style=\"vertical-align: inherit;\">LES FONCTIONS<\/span><\/strong><\/p>\n<p><span style=\"vertical-align: inherit;\">ApRe, qui est certifi\u00e9 selon la norme EN 81-1\/2+A3 avec l&rsquo;inverseur Adrive, est un syst\u00e8me de protection pour les limiteurs de vitesse compatibles A3 contre les mouvements inattendus de la cabine. En cas de d\u00e9faillance du circuit de s\u00e9curit\u00e9 ou de coupure de courant lorsque l&rsquo;ascenseur est en marche, il bloque l&rsquo;activation des freins parachutes et du limiteur de vitesse \u00e0 verrouiller. Peut \u00eatre utilis\u00e9 avec des r\u00e9gulateurs de survitesse avec des tensions de fonctionnement de 12Vdc ou 24Vdc (jusqu&rsquo;\u00e0 6A). Fonctionne m\u00eame en cas de panne de secteur \u00e0 l&rsquo;aide d&rsquo;une batterie suppl\u00e9mentaire qui doit \u00eatre charg\u00e9e par ApRe. Connexion du bouton d&rsquo;\u00e9vacuation pour lib\u00e9rer le limiteur de vitesse en cas d&rsquo;urgence Connexion du bouton de test pour tester le limiteur de vitesse \u00e0 distance<\/span><\/p>\n<p><strong><span style=\"vertical-align: inherit;\">CARACT\u00c9RISTIQUES<\/span><\/strong><\/p>\n<ul>\n<li><span style=\"vertical-align: inherit;\">Caract\u00e9ristiques \u00e9lectriques<\/span><\/li>\n<li><span style=\"vertical-align: inherit;\">Tension de la bobine de verrouillage du r\u00e9gulateur de survitesse : 12 Vdc et 24 Vdc<\/span><\/li>\n<li><span style=\"vertical-align: inherit;\">ApRe utilise simplement une alimentation et une batterie appropri\u00e9es avec la tension de la bobine.<\/span><\/li>\n<li><span style=\"vertical-align: inherit;\">Courant de bobine maximal\u00a0: 6\u00a0A<\/span><\/li>\n<li><span style=\"vertical-align: inherit;\">Alimentation normale (12Vdc pour bobine) : 11-14 Vdc<\/span><\/li>\n<li><span style=\"vertical-align: inherit;\">Alimentation normale (24Vdc pour bobine): 20-27 Vdc<\/span><\/li>\n<li><span style=\"vertical-align: inherit;\">Alimentation batterie (12Vdc pour bobine): 12 Vdc\/1.2 Ah<\/span><\/li>\n<li><span style=\"vertical-align: inherit;\">Alimentation batterie (24Vdc pour bobine) : 24 Vdc\/1.2 Ah<\/span><\/li>\n<li><span style=\"vertical-align: inherit;\">Charge de la batterie interne : avec une source de courant continu.<\/span><\/li>\n<li><span style=\"vertical-align: inherit;\">Entr\u00e9e circuit de s\u00e9curit\u00e9 : 190-230 Vac<\/span><\/li>\n<\/ul>\n<p><span style=\"vertical-align: inherit;\">Consommation \u00e9lectrique moyenne ApRe : lorsque la bobine n&rsquo;est pas aliment\u00e9e et que la batterie est compl\u00e8tement charg\u00e9e : &lt; 1W. Lorsque la bobine n&rsquo;est pas aliment\u00e9e et que la batterie est vide : &lt;10W<\/span><\/p>\n","protected":false},"excerpt":{"rendered":"<p><strong><span style=\"vertical-align: inherit;\">Carte de communication s\u00e9rie de voiture<\/span><\/strong><span style=\"vertical-align: inherit;\"> Unit\u00e9 d&rsquo;activation du dispositif de serrage ApRe (EN 81-1\/2 + A3)<\/span><\/p>\n","protected":false},"featured_media":992679,"comment_status":"open","ping_status":"closed","template":"","meta":[],"product_brand":[],"product_cat":[724,682,688],"product_tag":[],"class_list":{"0":"post-996695","1":"product","2":"type-product","3":"status-publish","4":"has-post-thumbnail","6":"product_cat-autres-produits","7":"product_cat-controleurs-dascenseur","8":"product_cat-unites-auxiliaires","10":"first","11":"instock","12":"shipping-taxable","13":"product-type-simple","14":"prodpage-style2"},"_links":{"self":[{"href":"https:\/\/isfelevator.com\/fr\/wp-json\/wp\/v2\/product\/996695","targetHints":{"allow":["GET"]}}],"collection":[{"href":"https:\/\/isfelevator.com\/fr\/wp-json\/wp\/v2\/product"}],"about":[{"href":"https:\/\/isfelevator.com\/fr\/wp-json\/wp\/v2\/types\/product"}],"replies":[{"embeddable":true,"href":"https:\/\/isfelevator.com\/fr\/wp-json\/wp\/v2\/comments?post=996695"}],"wp:featuredmedia":[{"embeddable":true,"href":"https:\/\/isfelevator.com\/fr\/wp-json\/wp\/v2\/media\/992679"}],"wp:attachment":[{"href":"https:\/\/isfelevator.com\/fr\/wp-json\/wp\/v2\/media?parent=996695"}],"wp:term":[{"taxonomy":"product_brand","embeddable":true,"href":"https:\/\/isfelevator.com\/fr\/wp-json\/wp\/v2\/product_brand?post=996695"},{"taxonomy":"product_cat","embeddable":true,"href":"https:\/\/isfelevator.com\/fr\/wp-json\/wp\/v2\/product_cat?post=996695"},{"taxonomy":"product_tag","embeddable":true,"href":"https:\/\/isfelevator.com\/fr\/wp-json\/wp\/v2\/product_tag?post=996695"}],"curies":[{"name":"wp","href":"https:\/\/api.w.org\/{rel}","templated":true}]}}