{"id":996688,"date":"2023-02-24T13:04:42","date_gmt":"2023-02-24T13:04:42","guid":{"rendered":"https:\/\/isfelevator.com\/product\/liftsense-magnetic-switches\/"},"modified":"2023-02-27T18:17:44","modified_gmt":"2023-02-27T18:17:44","slug":"interrupteurs-magnetiques-liftsense","status":"publish","type":"product","link":"https:\/\/isfelevator.com\/fr\/product\/interrupteurs-magnetiques-liftsense\/","title":{"rendered":"Interrupteurs magn\u00e9tiques LiftSense"},"content":{"rendered":"<p><strong>Interrupteurs magn\u00e9tiques LiftSense<\/strong><\/p>\n<p>&nbsp;<\/p>\n","protected":false},"excerpt":{"rendered":"<p><strong>Recueille les informations relatives \u00e0 la position de la cabine n\u00e9cessaires \u00e0 la remise \u00e0 niveau et \u00e0 la pr\u00e9-ouverture de la porte et envoie ces donn\u00e9es \u00e0 l&rsquo;unit\u00e9 de commande int\u00e9gr\u00e9e de l&rsquo;ascenseur ARCODE.<\/strong><\/p>\n","protected":false},"featured_media":992673,"comment_status":"open","ping_status":"closed","template":"","meta":[],"product_brand":[],"product_cat":[682,718,688],"product_tag":[],"class_list":{"0":"post-996688","1":"product","2":"type-product","3":"status-publish","4":"has-post-thumbnail","6":"product_cat-controleurs-dascenseur","7":"product_cat-interrupteurs-magnetiques","8":"product_cat-unites-auxiliaires","10":"first","11":"instock","12":"shipping-taxable","13":"product-type-simple","14":"prodpage-style2"},"_links":{"self":[{"href":"https:\/\/isfelevator.com\/fr\/wp-json\/wp\/v2\/product\/996688","targetHints":{"allow":["GET"]}}],"collection":[{"href":"https:\/\/isfelevator.com\/fr\/wp-json\/wp\/v2\/product"}],"about":[{"href":"https:\/\/isfelevator.com\/fr\/wp-json\/wp\/v2\/types\/product"}],"replies":[{"embeddable":true,"href":"https:\/\/isfelevator.com\/fr\/wp-json\/wp\/v2\/comments?post=996688"}],"wp:featuredmedia":[{"embeddable":true,"href":"https:\/\/isfelevator.com\/fr\/wp-json\/wp\/v2\/media\/992673"}],"wp:attachment":[{"href":"https:\/\/isfelevator.com\/fr\/wp-json\/wp\/v2\/media?parent=996688"}],"wp:term":[{"taxonomy":"product_brand","embeddable":true,"href":"https:\/\/isfelevator.com\/fr\/wp-json\/wp\/v2\/product_brand?post=996688"},{"taxonomy":"product_cat","embeddable":true,"href":"https:\/\/isfelevator.com\/fr\/wp-json\/wp\/v2\/product_cat?post=996688"},{"taxonomy":"product_tag","embeddable":true,"href":"https:\/\/isfelevator.com\/fr\/wp-json\/wp\/v2\/product_tag?post=996688"}],"curies":[{"name":"wp","href":"https:\/\/api.w.org\/{rel}","templated":true}]}}