{"id":996679,"date":"2023-02-24T13:04:42","date_gmt":"2023-02-24T13:04:42","guid":{"rendered":"https:\/\/isfelevator.com\/product\/mtm-monostable-switch\/"},"modified":"2023-02-27T18:07:31","modified_gmt":"2023-02-27T18:07:31","slug":"commutateur-monostable-mtm","status":"publish","type":"product","link":"https:\/\/isfelevator.com\/fr\/product\/commutateur-monostable-mtm\/","title":{"rendered":"Commutateur monostable MTM"},"content":{"rendered":"<p><strong><span style=\"vertical-align: inherit;\">Commutateur monostable MTM<\/span><\/strong><\/p>\n<ul>\n<li><span style=\"vertical-align: inherit;\">ARCODE est utilis\u00e9 avec l&rsquo;unit\u00e9 de commande d&rsquo;ascenseur int\u00e9gr\u00e9e. Il fournit des informations sur la position de la cabine pour le renouvellement du niveau et l&rsquo;ouverture anticip\u00e9e de la porte.<\/span><\/li>\n<li><span style=\"vertical-align: inherit;\">Chaque \u00e9tage fonctionne avec des aimants de zone de porte d\u00e9j\u00e0 en place.<\/span><\/li>\n<li><span style=\"vertical-align: inherit;\">L&rsquo;interrupteur monostable MTM \u00e9limine la n\u00e9cessit\u00e9 d&rsquo;un agencement d&rsquo;aimants suppl\u00e9mentaires et de l&rsquo;installation d&rsquo;un interrupteur magn\u00e9tique dans le puits pour la remise \u00e0 neuf du niveau.<\/span><\/li>\n<li><span style=\"vertical-align: inherit;\">En plus des capteurs de renouvellement de niveau, il n&rsquo;est pas non plus n\u00e9cessaire d&rsquo;utiliser le commutateur de zone de porte car il comprend 2 capteurs de d\u00e9tection de zone de porte.<\/span><\/li>\n<li><span style=\"vertical-align: inherit;\">Il n&rsquo;est pas n\u00e9cessaire de changer la position des aimants pour effectuer des r\u00e9glages de niveau pr\u00e9cis.<\/span><\/li>\n<li><span style=\"vertical-align: inherit;\">Fournit une pr\u00e9cision de position de 7,5 mm avec 20 capteurs magn\u00e9tiques dessus.<\/span><\/li>\n<li><span style=\"vertical-align: inherit;\">La carte de r\u00e9vision en cabine est connect\u00e9e \u00e0 5 lignes compos\u00e9es de canaux de communication alimentation +, alimentation-, ML1, ML2 et position s\u00e9rie. Aucun r\u00e9glage n&rsquo;est requis.<\/span><\/li>\n<\/ul>\n","protected":false},"excerpt":{"rendered":"<p><strong><span style=\"vertical-align: inherit;\">Commutateur \u00e9lectronique monostable et barreaux magn\u00e9tiques<\/span><\/strong><\/p>\n","protected":false},"featured_media":992661,"comment_status":"open","ping_status":"closed","template":"","meta":[],"product_brand":[],"product_cat":[682,718,688],"product_tag":[],"class_list":{"0":"post-996679","1":"product","2":"type-product","3":"status-publish","4":"has-post-thumbnail","6":"product_cat-controleurs-dascenseur","7":"product_cat-interrupteurs-magnetiques","8":"product_cat-unites-auxiliaires","10":"first","11":"instock","12":"shipping-taxable","13":"product-type-simple","14":"prodpage-style2"},"_links":{"self":[{"href":"https:\/\/isfelevator.com\/fr\/wp-json\/wp\/v2\/product\/996679","targetHints":{"allow":["GET"]}}],"collection":[{"href":"https:\/\/isfelevator.com\/fr\/wp-json\/wp\/v2\/product"}],"about":[{"href":"https:\/\/isfelevator.com\/fr\/wp-json\/wp\/v2\/types\/product"}],"replies":[{"embeddable":true,"href":"https:\/\/isfelevator.com\/fr\/wp-json\/wp\/v2\/comments?post=996679"}],"wp:featuredmedia":[{"embeddable":true,"href":"https:\/\/isfelevator.com\/fr\/wp-json\/wp\/v2\/media\/992661"}],"wp:attachment":[{"href":"https:\/\/isfelevator.com\/fr\/wp-json\/wp\/v2\/media?parent=996679"}],"wp:term":[{"taxonomy":"product_brand","embeddable":true,"href":"https:\/\/isfelevator.com\/fr\/wp-json\/wp\/v2\/product_brand?post=996679"},{"taxonomy":"product_cat","embeddable":true,"href":"https:\/\/isfelevator.com\/fr\/wp-json\/wp\/v2\/product_cat?post=996679"},{"taxonomy":"product_tag","embeddable":true,"href":"https:\/\/isfelevator.com\/fr\/wp-json\/wp\/v2\/product_tag?post=996679"}],"curies":[{"name":"wp","href":"https:\/\/api.w.org\/{rel}","templated":true}]}}