{"id":996671,"date":"2023-02-24T13:05:04","date_gmt":"2023-02-24T13:05:04","guid":{"rendered":"https:\/\/isfelevator.com\/product\/mrl-sarj\/"},"modified":"2023-02-27T17:54:32","modified_gmt":"2023-02-27T17:54:32","slug":"mrl-sarj","status":"publish","type":"product","link":"https:\/\/isfelevator.com\/fr\/product\/mrl-sarj\/","title":{"rendered":"MRL-Sarj"},"content":{"rendered":"<p><strong>MRL-Sarj<\/strong><\/p>\n<p><strong>CARACT\u00c9RISTIQUES<\/strong> MRL-Sarj est un chargeur de batterie plomb-acide \u00e0 tension de sortie constante et \u00e0 courant limit\u00e9, sp\u00e9cialement con\u00e7u pour les batteries s\u00e8ches sans entretien de 12V\/7Ah. Il charge les batteries de mani\u00e8re optimale avec une technique de charge appropri\u00e9e. Disponible en 2 types : 48V (4 pi\u00e8ces de batterie) et 60V (5 pi\u00e8ces de batterie). Avec un design de bo\u00eetier m\u00e9tallique, adapt\u00e9 au montage dans un panneau ferm\u00e9. LED d&rsquo;\u00e9tat pour la ligne d&rsquo;entr\u00e9e CA et la charge de la batterie. Protection contre les courts-circuits et les surcharges. Convient \u00e0 une plage de tension d&rsquo;entr\u00e9e de 200-240Vac. Dimensions 70mmx144mmx73mm (largeur x longueur \u00d7 hauteur).<\/p>\n","protected":false},"excerpt":{"rendered":"<p><strong>Chargeur de batterie 48V\/60V<\/strong><\/p>\n","protected":false},"featured_media":992739,"comment_status":"open","ping_status":"closed","template":"","meta":[],"product_brand":[],"product_cat":[724,682,688],"product_tag":[],"class_list":{"0":"post-996671","1":"product","2":"type-product","3":"status-publish","4":"has-post-thumbnail","6":"product_cat-autres-produits","7":"product_cat-controleurs-dascenseur","8":"product_cat-unites-auxiliaires","10":"first","11":"instock","12":"shipping-taxable","13":"product-type-simple","14":"prodpage-style2"},"_links":{"self":[{"href":"https:\/\/isfelevator.com\/fr\/wp-json\/wp\/v2\/product\/996671","targetHints":{"allow":["GET"]}}],"collection":[{"href":"https:\/\/isfelevator.com\/fr\/wp-json\/wp\/v2\/product"}],"about":[{"href":"https:\/\/isfelevator.com\/fr\/wp-json\/wp\/v2\/types\/product"}],"replies":[{"embeddable":true,"href":"https:\/\/isfelevator.com\/fr\/wp-json\/wp\/v2\/comments?post=996671"}],"wp:featuredmedia":[{"embeddable":true,"href":"https:\/\/isfelevator.com\/fr\/wp-json\/wp\/v2\/media\/992739"}],"wp:attachment":[{"href":"https:\/\/isfelevator.com\/fr\/wp-json\/wp\/v2\/media?parent=996671"}],"wp:term":[{"taxonomy":"product_brand","embeddable":true,"href":"https:\/\/isfelevator.com\/fr\/wp-json\/wp\/v2\/product_brand?post=996671"},{"taxonomy":"product_cat","embeddable":true,"href":"https:\/\/isfelevator.com\/fr\/wp-json\/wp\/v2\/product_cat?post=996671"},{"taxonomy":"product_tag","embeddable":true,"href":"https:\/\/isfelevator.com\/fr\/wp-json\/wp\/v2\/product_tag?post=996671"}],"curies":[{"name":"wp","href":"https:\/\/api.w.org\/{rel}","templated":true}]}}