{"id":996664,"date":"2023-02-24T13:05:04","date_gmt":"2023-02-24T13:05:04","guid":{"rendered":"https:\/\/isfelevator.com\/product\/leveled\/"},"modified":"2023-02-27T17:43:15","modified_gmt":"2023-02-27T17:43:15","slug":"levee","status":"publish","type":"product","link":"https:\/\/isfelevator.com\/fr\/product\/levee\/","title":{"rendered":"LEVEE"},"content":{"rendered":"<p><strong>LEVEE<\/strong><\/p>\n<p><strong>CARACT\u00c9RISTIQUES<\/strong> La carte LEVELED est utilis\u00e9e comme standard dans les ascenseurs hydrauliques. M\u00eame en cas de coupure de courant, l&rsquo;information selon laquelle l&rsquo;ascenseur est \u00e0 l&rsquo;\u00e9tage ou non est indiqu\u00e9e par le voyant \u00ab\u00a0AT FLOOR\u00a0\u00bb. De plus, lorsque l&rsquo;\u00e9tage est atteint apr\u00e8s une coupure de courant, une annonce sonore est faite.<\/p>\n","protected":false},"excerpt":{"rendered":"<p><strong>Indicateur de niveau<\/strong> de sol L&rsquo;indicateur de niveau de sol LEVELED est normalement utilis\u00e9 pour les syst\u00e8mes hydrauliques (en option pour les ascenseurs \u00e0 c\u00e2ble). Il indique le niveau du sol \u00e0 l&rsquo;aide de diodes \u00e9lectroluminescentes embarqu\u00e9es et d&rsquo;une batterie en cas de panne de courant. Il \u00e9met \u00e9galement une alerte sonore lorsque la cabine atteint un niveau de plancher.<\/p>\n","protected":false},"featured_media":992733,"comment_status":"open","ping_status":"closed","template":"","meta":[],"product_brand":[],"product_cat":[724,682,688],"product_tag":[],"class_list":{"0":"post-996664","1":"product","2":"type-product","3":"status-publish","4":"has-post-thumbnail","6":"product_cat-autres-produits","7":"product_cat-controleurs-dascenseur","8":"product_cat-unites-auxiliaires","10":"first","11":"instock","12":"shipping-taxable","13":"product-type-simple","14":"prodpage-style2"},"_links":{"self":[{"href":"https:\/\/isfelevator.com\/fr\/wp-json\/wp\/v2\/product\/996664","targetHints":{"allow":["GET"]}}],"collection":[{"href":"https:\/\/isfelevator.com\/fr\/wp-json\/wp\/v2\/product"}],"about":[{"href":"https:\/\/isfelevator.com\/fr\/wp-json\/wp\/v2\/types\/product"}],"replies":[{"embeddable":true,"href":"https:\/\/isfelevator.com\/fr\/wp-json\/wp\/v2\/comments?post=996664"}],"wp:featuredmedia":[{"embeddable":true,"href":"https:\/\/isfelevator.com\/fr\/wp-json\/wp\/v2\/media\/992733"}],"wp:attachment":[{"href":"https:\/\/isfelevator.com\/fr\/wp-json\/wp\/v2\/media?parent=996664"}],"wp:term":[{"taxonomy":"product_brand","embeddable":true,"href":"https:\/\/isfelevator.com\/fr\/wp-json\/wp\/v2\/product_brand?post=996664"},{"taxonomy":"product_cat","embeddable":true,"href":"https:\/\/isfelevator.com\/fr\/wp-json\/wp\/v2\/product_cat?post=996664"},{"taxonomy":"product_tag","embeddable":true,"href":"https:\/\/isfelevator.com\/fr\/wp-json\/wp\/v2\/product_tag?post=996664"}],"curies":[{"name":"wp","href":"https:\/\/api.w.org\/{rel}","templated":true}]}}