{"id":996641,"date":"2023-02-24T13:05:04","date_gmt":"2023-02-24T13:05:04","guid":{"rendered":"https:\/\/isfelevator.com\/product\/mkr-02c\/"},"modified":"2023-02-27T17:24:00","modified_gmt":"2023-02-27T17:24:00","slug":"mkr-02c","status":"publish","type":"product","link":"https:\/\/isfelevator.com\/fr\/product\/mkr-02c\/","title":{"rendered":"MKR-02C"},"content":{"rendered":"<p><strong>MKR-02C<\/strong><\/p>\n<p><strong>CARACT\u00c9RISTIQUES<\/strong> Contr\u00f4le des tours de phase. Contr\u00f4le de la tension de phase r\u00e9glable. Contr\u00f4le PTC. LED d&rsquo;avertissement.<\/p>\n","protected":false},"excerpt":{"rendered":"<p><strong>Carte de protection moteur-phase<\/strong><\/p>\n","protected":false},"featured_media":992715,"comment_status":"open","ping_status":"closed","template":"","meta":[],"product_brand":[],"product_cat":[724,682,688],"product_tag":[],"class_list":{"0":"post-996641","1":"product","2":"type-product","3":"status-publish","4":"has-post-thumbnail","6":"product_cat-autres-produits","7":"product_cat-controleurs-dascenseur","8":"product_cat-unites-auxiliaires","10":"first","11":"instock","12":"shipping-taxable","13":"product-type-simple","14":"prodpage-style2"},"_links":{"self":[{"href":"https:\/\/isfelevator.com\/fr\/wp-json\/wp\/v2\/product\/996641","targetHints":{"allow":["GET"]}}],"collection":[{"href":"https:\/\/isfelevator.com\/fr\/wp-json\/wp\/v2\/product"}],"about":[{"href":"https:\/\/isfelevator.com\/fr\/wp-json\/wp\/v2\/types\/product"}],"replies":[{"embeddable":true,"href":"https:\/\/isfelevator.com\/fr\/wp-json\/wp\/v2\/comments?post=996641"}],"wp:featuredmedia":[{"embeddable":true,"href":"https:\/\/isfelevator.com\/fr\/wp-json\/wp\/v2\/media\/992715"}],"wp:attachment":[{"href":"https:\/\/isfelevator.com\/fr\/wp-json\/wp\/v2\/media?parent=996641"}],"wp:term":[{"taxonomy":"product_brand","embeddable":true,"href":"https:\/\/isfelevator.com\/fr\/wp-json\/wp\/v2\/product_brand?post=996641"},{"taxonomy":"product_cat","embeddable":true,"href":"https:\/\/isfelevator.com\/fr\/wp-json\/wp\/v2\/product_cat?post=996641"},{"taxonomy":"product_tag","embeddable":true,"href":"https:\/\/isfelevator.com\/fr\/wp-json\/wp\/v2\/product_tag?post=996641"}],"curies":[{"name":"wp","href":"https:\/\/api.w.org\/{rel}","templated":true}]}}