{"id":996633,"date":"2023-02-24T13:05:04","date_gmt":"2023-02-24T13:05:04","guid":{"rendered":"https:\/\/isfelevator.com\/product\/auto_kg\/"},"modified":"2023-02-27T17:17:39","modified_gmt":"2023-02-27T17:17:39","slug":"auto_kg","status":"publish","type":"product","link":"https:\/\/isfelevator.com\/fr\/product\/auto_kg\/","title":{"rendered":"Auto_Kg"},"content":{"rendered":"<p><strong>Auto_Kg<\/strong><\/p>\n<p><strong>CARACT\u00c9RISTIQUES<\/strong> Utilis\u00e9 avec les tableaux de commande d&rsquo;ascenseur pour g\u00e9n\u00e9rer des signaux de commande de porte. Peut fonctionner avec toutes les portes triphas\u00e9es, monophas\u00e9es et \u00e0 commande \u00e9lectronique. Poss\u00e8de une entr\u00e9e de barri\u00e8re lumineuse, une entr\u00e9e de fermeture de porte et des entr\u00e9es de contact de fin de course de porte. L&rsquo;utilisation de deux potentiom\u00e8tres permet de r\u00e9gler le temps de rupture de la barri\u00e8re lumineuse et le temps d&rsquo;attente ouvert au sol.<\/p>\n","protected":false},"excerpt":{"rendered":"<p><strong>Carte de porte automatique<\/strong><\/p>\n","protected":false},"featured_media":992709,"comment_status":"open","ping_status":"closed","template":"","meta":[],"product_brand":[],"product_cat":[724,682,688],"product_tag":[],"class_list":{"0":"post-996633","1":"product","2":"type-product","3":"status-publish","4":"has-post-thumbnail","6":"product_cat-autres-produits","7":"product_cat-controleurs-dascenseur","8":"product_cat-unites-auxiliaires","10":"first","11":"instock","12":"shipping-taxable","13":"product-type-simple","14":"prodpage-style2"},"_links":{"self":[{"href":"https:\/\/isfelevator.com\/fr\/wp-json\/wp\/v2\/product\/996633","targetHints":{"allow":["GET"]}}],"collection":[{"href":"https:\/\/isfelevator.com\/fr\/wp-json\/wp\/v2\/product"}],"about":[{"href":"https:\/\/isfelevator.com\/fr\/wp-json\/wp\/v2\/types\/product"}],"replies":[{"embeddable":true,"href":"https:\/\/isfelevator.com\/fr\/wp-json\/wp\/v2\/comments?post=996633"}],"wp:featuredmedia":[{"embeddable":true,"href":"https:\/\/isfelevator.com\/fr\/wp-json\/wp\/v2\/media\/992709"}],"wp:attachment":[{"href":"https:\/\/isfelevator.com\/fr\/wp-json\/wp\/v2\/media?parent=996633"}],"wp:term":[{"taxonomy":"product_brand","embeddable":true,"href":"https:\/\/isfelevator.com\/fr\/wp-json\/wp\/v2\/product_brand?post=996633"},{"taxonomy":"product_cat","embeddable":true,"href":"https:\/\/isfelevator.com\/fr\/wp-json\/wp\/v2\/product_cat?post=996633"},{"taxonomy":"product_tag","embeddable":true,"href":"https:\/\/isfelevator.com\/fr\/wp-json\/wp\/v2\/product_tag?post=996633"}],"curies":[{"name":"wp","href":"https:\/\/api.w.org\/{rel}","templated":true}]}}