{"id":996626,"date":"2023-02-24T13:05:04","date_gmt":"2023-02-24T13:05:04","guid":{"rendered":"https:\/\/isfelevator.com\/product\/gz-plus\/"},"modified":"2023-02-27T16:38:31","modified_gmt":"2023-02-27T16:38:31","slug":"gz-plus","status":"publish","type":"product","link":"https:\/\/isfelevator.com\/fr\/product\/gz-plus\/","title":{"rendered":"GZ PLUS"},"content":{"rendered":"<p><strong>GZ PLUS<\/strong><\/p>\n<p><strong>CARACT\u00c9RISTIQUES<\/strong> G&amp;Z plus est un syst\u00e8me d&rsquo;annonce et de musique d&rsquo;\u00e9tage con\u00e7u pour les ascenseurs. G&amp;Z plus utilise les fichiers sonores au format mp3, qui peuvent \u00eatre transf\u00e9r\u00e9s facilement sur la carte m\u00e9moire SD. Aucun logiciel suppl\u00e9mentaire n&rsquo;est n\u00e9cessaire. Il suffit de glisser-d\u00e9poser vos fichiers sonores dans les dossiers correspondants de la carte SD. Le code Gray, le code binaire, le mode compteur Arkel et le mode CANbus sont disponibles comme modes d&rsquo;entr\u00e9e. Contr\u00f4le du volume ind\u00e9pendant pour l&rsquo;annonce et la musique. La carte G&amp;Z plus est livr\u00e9e d&rsquo;usine avec des messages par d\u00e9faut en anglais et en turc.<\/p>\n","protected":false},"excerpt":{"rendered":"<p><strong>Syst\u00e8me d&rsquo;annonce des ascenseurs<\/strong><\/p>\n","protected":false},"featured_media":992703,"comment_status":"open","ping_status":"closed","template":"","meta":[],"product_brand":[],"product_cat":[724,682,688],"product_tag":[],"class_list":{"0":"post-996626","1":"product","2":"type-product","3":"status-publish","4":"has-post-thumbnail","6":"product_cat-autres-produits","7":"product_cat-controleurs-dascenseur","8":"product_cat-unites-auxiliaires","10":"first","11":"instock","12":"shipping-taxable","13":"product-type-simple","14":"prodpage-style2"},"_links":{"self":[{"href":"https:\/\/isfelevator.com\/fr\/wp-json\/wp\/v2\/product\/996626","targetHints":{"allow":["GET"]}}],"collection":[{"href":"https:\/\/isfelevator.com\/fr\/wp-json\/wp\/v2\/product"}],"about":[{"href":"https:\/\/isfelevator.com\/fr\/wp-json\/wp\/v2\/types\/product"}],"replies":[{"embeddable":true,"href":"https:\/\/isfelevator.com\/fr\/wp-json\/wp\/v2\/comments?post=996626"}],"wp:featuredmedia":[{"embeddable":true,"href":"https:\/\/isfelevator.com\/fr\/wp-json\/wp\/v2\/media\/992703"}],"wp:attachment":[{"href":"https:\/\/isfelevator.com\/fr\/wp-json\/wp\/v2\/media?parent=996626"}],"wp:term":[{"taxonomy":"product_brand","embeddable":true,"href":"https:\/\/isfelevator.com\/fr\/wp-json\/wp\/v2\/product_brand?post=996626"},{"taxonomy":"product_cat","embeddable":true,"href":"https:\/\/isfelevator.com\/fr\/wp-json\/wp\/v2\/product_cat?post=996626"},{"taxonomy":"product_tag","embeddable":true,"href":"https:\/\/isfelevator.com\/fr\/wp-json\/wp\/v2\/product_tag?post=996626"}],"curies":[{"name":"wp","href":"https:\/\/api.w.org\/{rel}","templated":true}]}}