{"id":996617,"date":"2023-02-24T13:05:05","date_gmt":"2023-02-24T13:05:05","guid":{"rendered":"https:\/\/isfelevator.com\/product\/automatic-telescopic-cabin-and-landing-door\/"},"modified":"2023-02-27T16:31:50","modified_gmt":"2023-02-27T16:31:50","slug":"cabine-et-porte-paliere-automatiques-telescopiques","status":"publish","type":"product","link":"https:\/\/isfelevator.com\/fr\/product\/cabine-et-porte-paliere-automatiques-telescopiques\/","title":{"rendered":"Cabine et porte pali\u00e8re automatiques (t\u00e9lescopiques)"},"content":{"rendered":"<p><strong><span style=\"vertical-align: inherit;\">Cabine et porte pali\u00e8re automatiques (t\u00e9lescopiques)<\/span><\/strong><\/p>\n<p><strong><span style=\"vertical-align: inherit;\">SP\u00c9CIFICATIONS TECHNIQUES<\/span><\/strong><span style=\"vertical-align: inherit;\"> \u2022 Driver DC-PWM sans fin de course \u2022 Tension d&rsquo;alimentation 220 V AC \u2022 Moteur \u00e0 balais 24 V DC \u2022 Encodeur double canal (A, B) 100 ppr \u2022 Le nombre de cycles d&rsquo;ouverture\/fermeture par an 600.000 \u00e0 800.000<\/span><\/p>\n","protected":false},"excerpt":{"rendered":"<p><strong><span style=\"vertical-align: inherit;\">R\u00e9glages \u00e9lectroniques multiples<\/span><\/strong><span style=\"vertical-align: inherit;\"> \u2022 Param\u00e8tres de taille, de longueur et de vitesse \u2022 \u200b\u200bPuissance de la porte r\u00e9glable s\u00e9par\u00e9ment sur les sens d&rsquo;ouverture et de fermeture \u2022 Compatibilit\u00e9 avec la variation des signaux de commande d&rsquo;ouverture\/fermeture (24 V DC-220 V AC) \u2022 Possibilit\u00e9 de fonctionner avec une seule (fermeture ) \u2022 R\u00e9glage des types de court-circuit comme NO\/NF <\/span><strong><span style=\"vertical-align: inherit;\">R\u00e9glages m\u00e9caniques multiples<\/span><\/strong><span style=\"vertical-align: inherit;\"> \u2022 Montage pratique \u2022 R\u00e9glage du panneau sur 3 axes \u2022 R\u00e9glage de l&rsquo;ouverture libre<\/span><\/p>\n","protected":false},"featured_media":992811,"comment_status":"open","ping_status":"closed","template":"","meta":[],"product_brand":[],"product_cat":[766],"product_tag":[],"class_list":{"0":"post-996617","1":"product","2":"type-product","3":"status-publish","4":"has-post-thumbnail","6":"product_cat-portes-dascenseur","8":"first","9":"instock","10":"shipping-taxable","11":"product-type-simple","12":"prodpage-style2"},"_links":{"self":[{"href":"https:\/\/isfelevator.com\/fr\/wp-json\/wp\/v2\/product\/996617","targetHints":{"allow":["GET"]}}],"collection":[{"href":"https:\/\/isfelevator.com\/fr\/wp-json\/wp\/v2\/product"}],"about":[{"href":"https:\/\/isfelevator.com\/fr\/wp-json\/wp\/v2\/types\/product"}],"replies":[{"embeddable":true,"href":"https:\/\/isfelevator.com\/fr\/wp-json\/wp\/v2\/comments?post=996617"}],"wp:featuredmedia":[{"embeddable":true,"href":"https:\/\/isfelevator.com\/fr\/wp-json\/wp\/v2\/media\/992811"}],"wp:attachment":[{"href":"https:\/\/isfelevator.com\/fr\/wp-json\/wp\/v2\/media?parent=996617"}],"wp:term":[{"taxonomy":"product_brand","embeddable":true,"href":"https:\/\/isfelevator.com\/fr\/wp-json\/wp\/v2\/product_brand?post=996617"},{"taxonomy":"product_cat","embeddable":true,"href":"https:\/\/isfelevator.com\/fr\/wp-json\/wp\/v2\/product_cat?post=996617"},{"taxonomy":"product_tag","embeddable":true,"href":"https:\/\/isfelevator.com\/fr\/wp-json\/wp\/v2\/product_tag?post=996617"}],"curies":[{"name":"wp","href":"https:\/\/api.w.org\/{rel}","templated":true}]}}