{"id":996599,"date":"2023-02-24T13:05:05","date_gmt":"2023-02-24T13:05:05","guid":{"rendered":"https:\/\/isfelevator.com\/product\/rgn-a10\/"},"modified":"2023-02-27T16:16:27","modified_gmt":"2023-02-27T16:16:27","slug":"rgn-a10","status":"publish","type":"product","link":"https:\/\/isfelevator.com\/fr\/product\/rgn-a10\/","title":{"rendered":"RGN-A10"},"content":{"rendered":"<p><strong>RGN-A10<\/strong><\/p>\n<p>Les moteurs d&rsquo;ascenseurs g\u00e9n\u00e8rent de l&rsquo;\u00e9nergie D\u00e9placement vers le bas ou vers le haut avec une charge lourde Avec l&rsquo;unit\u00e9 de r\u00e9g\u00e9n\u00e9ration RGN-A10, on \u00e9conomise pr\u00e8s de 35 % d&rsquo;\u00e9nergie pendant le d\u00e9placement par rapport aux ascenseurs sans r\u00e9g\u00e9n\u00e9ration.<\/p>\n","protected":false},"excerpt":{"rendered":"<p><strong>Unit\u00e9 de r\u00e9g\u00e9n\u00e9ration pour les ascenseurs<\/strong><\/p>\n","protected":false},"featured_media":992745,"comment_status":"open","ping_status":"closed","template":"","meta":[],"product_brand":[],"product_cat":[682,754],"product_tag":[],"class_list":{"0":"post-996599","1":"product","2":"type-product","3":"status-publish","4":"has-post-thumbnail","6":"product_cat-controleurs-dascenseur","7":"product_cat-unite-de-regeneration","9":"first","10":"instock","11":"shipping-taxable","12":"product-type-simple","13":"prodpage-style2"},"_links":{"self":[{"href":"https:\/\/isfelevator.com\/fr\/wp-json\/wp\/v2\/product\/996599","targetHints":{"allow":["GET"]}}],"collection":[{"href":"https:\/\/isfelevator.com\/fr\/wp-json\/wp\/v2\/product"}],"about":[{"href":"https:\/\/isfelevator.com\/fr\/wp-json\/wp\/v2\/types\/product"}],"replies":[{"embeddable":true,"href":"https:\/\/isfelevator.com\/fr\/wp-json\/wp\/v2\/comments?post=996599"}],"wp:featuredmedia":[{"embeddable":true,"href":"https:\/\/isfelevator.com\/fr\/wp-json\/wp\/v2\/media\/992745"}],"wp:attachment":[{"href":"https:\/\/isfelevator.com\/fr\/wp-json\/wp\/v2\/media?parent=996599"}],"wp:term":[{"taxonomy":"product_brand","embeddable":true,"href":"https:\/\/isfelevator.com\/fr\/wp-json\/wp\/v2\/product_brand?post=996599"},{"taxonomy":"product_cat","embeddable":true,"href":"https:\/\/isfelevator.com\/fr\/wp-json\/wp\/v2\/product_cat?post=996599"},{"taxonomy":"product_tag","embeddable":true,"href":"https:\/\/isfelevator.com\/fr\/wp-json\/wp\/v2\/product_tag?post=996599"}],"curies":[{"name":"wp","href":"https:\/\/api.w.org\/{rel}","templated":true}]}}