{"id":996536,"date":"2023-02-24T13:05:26","date_gmt":"2023-02-24T13:05:26","guid":{"rendered":"https:\/\/isfelevator.com\/product\/semi-automatic-doors\/"},"modified":"2023-02-27T14:48:25","modified_gmt":"2023-02-27T14:48:25","slug":"portes-semi-automatiques","status":"publish","type":"product","link":"https:\/\/isfelevator.com\/fr\/product\/portes-semi-automatiques\/","title":{"rendered":"Portes semi-automatiques"},"content":{"rendered":"<p><strong>Portes semi-automatiques<\/strong><\/p>\n<p>Les syst\u00e8mes de portes sont produits pour \u00eatre utilis\u00e9s dans les syst\u00e8mes d&rsquo;ascenseurs. Les types de portes semi-automatiques s&rsquo;ouvrent manuellement. Il en existe deux types : \u00e0 un battant (pour les ascenseurs de passagers) et \u00e0 deux battants (pour les ascenseurs de marchandises). Les portes automatiques peuvent s&rsquo;ouvrir et se fermer automatiquement.<\/p>\n","protected":false},"excerpt":{"rendered":"<p>Conception sp\u00e9ciale de la poign\u00e9e et du cadre Ouverture \u00e0 120 degr\u00e9s Capacit\u00e9 de charge \u00e9lev\u00e9e gr\u00e2ce au syst\u00e8me de charni\u00e8res en acier viss\u00e9 Syst\u00e8me de support renforc\u00e9 longitudinalement Installation facile, fonctionnement sans probl\u00e8me T\u00f4le d&rsquo;acier A1, longue dur\u00e9e de vie<\/p>\n","protected":false},"featured_media":992853,"comment_status":"open","ping_status":"closed","template":"","meta":[],"product_brand":[],"product_cat":[766],"product_tag":[],"class_list":{"0":"post-996536","1":"product","2":"type-product","3":"status-publish","4":"has-post-thumbnail","6":"product_cat-portes-dascenseur","8":"first","9":"instock","10":"shipping-taxable","11":"product-type-simple","12":"prodpage-style2"},"_links":{"self":[{"href":"https:\/\/isfelevator.com\/fr\/wp-json\/wp\/v2\/product\/996536","targetHints":{"allow":["GET"]}}],"collection":[{"href":"https:\/\/isfelevator.com\/fr\/wp-json\/wp\/v2\/product"}],"about":[{"href":"https:\/\/isfelevator.com\/fr\/wp-json\/wp\/v2\/types\/product"}],"replies":[{"embeddable":true,"href":"https:\/\/isfelevator.com\/fr\/wp-json\/wp\/v2\/comments?post=996536"}],"wp:featuredmedia":[{"embeddable":true,"href":"https:\/\/isfelevator.com\/fr\/wp-json\/wp\/v2\/media\/992853"}],"wp:attachment":[{"href":"https:\/\/isfelevator.com\/fr\/wp-json\/wp\/v2\/media?parent=996536"}],"wp:term":[{"taxonomy":"product_brand","embeddable":true,"href":"https:\/\/isfelevator.com\/fr\/wp-json\/wp\/v2\/product_brand?post=996536"},{"taxonomy":"product_cat","embeddable":true,"href":"https:\/\/isfelevator.com\/fr\/wp-json\/wp\/v2\/product_cat?post=996536"},{"taxonomy":"product_tag","embeddable":true,"href":"https:\/\/isfelevator.com\/fr\/wp-json\/wp\/v2\/product_tag?post=996536"}],"curies":[{"name":"wp","href":"https:\/\/api.w.org\/{rel}","templated":true}]}}