{"id":996290,"date":"2023-02-24T13:06:17","date_gmt":"2023-02-24T13:06:17","guid":{"rendered":"https:\/\/isfelevator.com\/product\/magnetic-switch\/"},"modified":"2023-02-26T16:29:50","modified_gmt":"2023-02-26T16:29:50","slug":"interrupteur-magnetique","status":"publish","type":"product","link":"https:\/\/isfelevator.com\/fr\/product\/interrupteur-magnetique\/","title":{"rendered":"Interrupteur magn\u00e9tique"},"content":{"rendered":"<p><strong>Interrupteur magn\u00e9tique<\/strong><\/p>\n<p>Caract\u00e9ristiques techniques Courant de commutation maxi : 0,7 &#8211; 1,00 &#8211; 1,50 &#8211; 5,00 Tension de commutation maxi : 35VAC 180VDC\/130VAC 200VDC\/240VAC 250VDC\/250VAC Distance de fonctionnement : 10mm &#8211; 25mm Temp\u00e9rature de fonctionnement C : -40 \/ +120 -60 \/ +130<\/p>\n","protected":false},"excerpt":{"rendered":"<p>L&rsquo;interrupteur magn\u00e9tique bistable Electrobis est beaucoup plus durable que les produits \u00e9quivalents gr\u00e2ce \u00e0 sa fonction de contact fort.<\/p>\n","protected":false},"featured_media":993171,"comment_status":"open","ping_status":"closed","template":"","meta":[],"product_brand":[],"product_cat":[632,652],"product_tag":[],"class_list":{"0":"post-996290","1":"product","2":"type-product","3":"status-publish","4":"has-post-thumbnail","6":"product_cat-composants-materiel","7":"product_cat-interrupteur-magnetique","9":"first","10":"instock","11":"shipping-taxable","12":"product-type-simple","13":"prodpage-style2"},"_links":{"self":[{"href":"https:\/\/isfelevator.com\/fr\/wp-json\/wp\/v2\/product\/996290","targetHints":{"allow":["GET"]}}],"collection":[{"href":"https:\/\/isfelevator.com\/fr\/wp-json\/wp\/v2\/product"}],"about":[{"href":"https:\/\/isfelevator.com\/fr\/wp-json\/wp\/v2\/types\/product"}],"replies":[{"embeddable":true,"href":"https:\/\/isfelevator.com\/fr\/wp-json\/wp\/v2\/comments?post=996290"}],"wp:featuredmedia":[{"embeddable":true,"href":"https:\/\/isfelevator.com\/fr\/wp-json\/wp\/v2\/media\/993171"}],"wp:attachment":[{"href":"https:\/\/isfelevator.com\/fr\/wp-json\/wp\/v2\/media?parent=996290"}],"wp:term":[{"taxonomy":"product_brand","embeddable":true,"href":"https:\/\/isfelevator.com\/fr\/wp-json\/wp\/v2\/product_brand?post=996290"},{"taxonomy":"product_cat","embeddable":true,"href":"https:\/\/isfelevator.com\/fr\/wp-json\/wp\/v2\/product_cat?post=996290"},{"taxonomy":"product_tag","embeddable":true,"href":"https:\/\/isfelevator.com\/fr\/wp-json\/wp\/v2\/product_tag?post=996290"}],"curies":[{"name":"wp","href":"https:\/\/api.w.org\/{rel}","templated":true}]}}