{"id":996269,"date":"2023-02-24T13:06:17","date_gmt":"2023-02-24T13:06:17","guid":{"rendered":"https:\/\/isfelevator.com\/product\/overspeed-governor-o235-mm\/"},"modified":"2023-02-26T16:11:06","modified_gmt":"2023-02-26T16:11:06","slug":"regulateur-de-survitesse-o235-mm","status":"publish","type":"product","link":"https:\/\/isfelevator.com\/fr\/product\/regulateur-de-survitesse-o235-mm\/","title":{"rendered":"R\u00e9gulateur de survitesse (\u00d8235 mm)"},"content":{"rendered":"<p><strong><span style=\"vertical-align: inherit;\">R\u00e9gulateur de survitesse (\u00d8235 mm)<\/span><\/strong><\/p>\n<p><strong><span style=\"vertical-align: inherit;\">SYST\u00c8ME UCM<\/span><\/strong><span style=\"vertical-align: inherit;\"> \u2022 P\u00e9riode de verrouillage courte \u2022 Bobine de s\u00e9curit\u00e9 24 Vdc \/ 3,60 amp &#8211; 190vdc \/ 0,38 amp \u2022 Commutateur de commande de bobine \u2022 Il est livr\u00e9 assembl\u00e9 sur le limiteur de vitesse. Ce n&rsquo;est pas compatible avec les r\u00e9gulateurs de survitesse d&rsquo;une autre marque. \u2022 Il peut \u00eatre utilis\u00e9 pour la r\u00e9vision. <\/span><strong><span style=\"vertical-align: inherit;\">SYST\u00c8ME D&rsquo;ENGRENAGE COMPATIBLE AVEC ENCODEUR<\/span><\/strong><span style=\"vertical-align: inherit;\"> \u2022 Il est compatible avec un encodeur de type rotatif de diam\u00e8tre de broche de \u00d88 mm \u2022 La portion d&rsquo;engrenage est de 1\/3. (la vitesse de rotation sur le panneau doit \u00eatre g\u00e9r\u00e9e comme inf\u00e9rieure 3 fois.) <\/span><strong><span style=\"vertical-align: inherit;\">SYSTEME DE COMMANDE A DISTANCE POUR MACHINE SANS LOCAL<\/span><\/strong><span style=\"vertical-align: inherit;\"> \u2022 Puissance motrice, force de traction : 0,85 kg \u2022 Bobine de d\u00e9clenchement 220 V, 0,52 amp, 354 ohm &#8211; 24 V, 8,05 amp \u2022 R\u00e9armement bobine 220 V, 0,70 amp, 180 ohm &#8211; 24 V, 3,20 amp \u2022 Connectivit\u00e9 aux c\u00e2bles avec connecteur. Limiteur de vitesse \u00d8235 mm<\/span><\/p>\n","protected":false},"excerpt":{"rendered":"<p><strong><span style=\"vertical-align: inherit;\">CARACT\u00c9RISTIQUES DU PRODUIT<\/span><\/strong><span style=\"vertical-align: inherit;\"> \u2022 Vitesse nominale (min) 0,30 m\/s \u2022 Vitesse nominale (max) 1,60 m\/s \u2022 Respect de la directive sur les ascenseurs EN81:20 &amp; EN:81:50 \u2022 Enclenchement du parachute dans les deux sens \u2022 Coupe d&rsquo;abord le interrupteur de s\u00e9curit\u00e9 puis d\u00e9clenchements \u2022 Limiteur de vitesse avec contact de s\u00e9curit\u00e9 \u2022 Possibilit\u00e9 de configuration pour salle des machines ou t\u00eate de gaine \u2022 Masse de serrage avec contact de s\u00e9curit\u00e9 \u2022 Applicable pour les installations secondaires et les modernisations \u2022 Pr\u00e9r\u00e9gl\u00e9 en fonction des vitesses nominales et scell\u00e9 \u2022 Les trous de fixation sont enti\u00e8rement compatibles avec autres limiteurs de vitesse \u2022 \u200b\u200bMontage sur presque tous les types d&rsquo;ascenseurs possibles \u2022 Installation et maintenance faciles \u2022 Le rapport de rainure de test est de 2\/3. \u2022 Mode d&#8217;emploi d\u00e9taill\u00e9<\/span><\/p>\n","protected":false},"featured_media":993159,"comment_status":"open","ping_status":"closed","template":"","meta":[],"product_brand":[],"product_cat":[664],"product_tag":[],"class_list":{"0":"post-996269","1":"product","2":"type-product","3":"status-publish","4":"has-post-thumbnail","6":"product_cat-gouverneur-de-sur-vitesse","8":"first","9":"instock","10":"shipping-taxable","11":"product-type-simple","12":"prodpage-style2"},"_links":{"self":[{"href":"https:\/\/isfelevator.com\/fr\/wp-json\/wp\/v2\/product\/996269","targetHints":{"allow":["GET"]}}],"collection":[{"href":"https:\/\/isfelevator.com\/fr\/wp-json\/wp\/v2\/product"}],"about":[{"href":"https:\/\/isfelevator.com\/fr\/wp-json\/wp\/v2\/types\/product"}],"replies":[{"embeddable":true,"href":"https:\/\/isfelevator.com\/fr\/wp-json\/wp\/v2\/comments?post=996269"}],"wp:featuredmedia":[{"embeddable":true,"href":"https:\/\/isfelevator.com\/fr\/wp-json\/wp\/v2\/media\/993159"}],"wp:attachment":[{"href":"https:\/\/isfelevator.com\/fr\/wp-json\/wp\/v2\/media?parent=996269"}],"wp:term":[{"taxonomy":"product_brand","embeddable":true,"href":"https:\/\/isfelevator.com\/fr\/wp-json\/wp\/v2\/product_brand?post=996269"},{"taxonomy":"product_cat","embeddable":true,"href":"https:\/\/isfelevator.com\/fr\/wp-json\/wp\/v2\/product_cat?post=996269"},{"taxonomy":"product_tag","embeddable":true,"href":"https:\/\/isfelevator.com\/fr\/wp-json\/wp\/v2\/product_tag?post=996269"}],"curies":[{"name":"wp","href":"https:\/\/api.w.org\/{rel}","templated":true}]}}