{"id":996261,"date":"2023-02-24T13:06:17","date_gmt":"2023-02-24T13:06:17","guid":{"rendered":"https:\/\/isfelevator.com\/product\/belt-gearless-elevator-motors\/"},"modified":"2023-02-26T16:02:45","modified_gmt":"2023-02-26T16:02:45","slug":"moteurs-dascenseur-sans-engrenage-a-courroie","status":"publish","type":"product","link":"https:\/\/isfelevator.com\/fr\/product\/moteurs-dascenseur-sans-engrenage-a-courroie\/","title":{"rendered":"Moteurs d&rsquo;ascenseur sans engrenage \u00e0 courroie"},"content":{"rendered":"<p><strong>Moteurs d&rsquo;ascenseur sans engrenage \u00e0 courroie<\/strong><\/p>\n<p>Atteint la capacit\u00e9 de charge de 1000 kg pour une suspension 2:1. * Permet une capacit\u00e9 de charge plus \u00e9lev\u00e9e avec une poulie de traction plus petite. * Protection polyur\u00e9thane des fils d&rsquo;acier contre la corrosion. * Dur\u00e9e de vie plus longue que les c\u00e2bles en acier. * Consommation d&rsquo;\u00e9nergie plus faible par rapport aux syst\u00e8mes \u00e9quivalents sans engrenage. * Permet d&rsquo;utiliser des onduleurs moins puissants. * Moteur silencieux. * Fournit un haut niveau de confort.<\/p>\n","protected":false},"excerpt":{"rendered":"<p><strong>Moteur Gearless<\/strong> \u00e0 courroie Tous les moteurs sont compatibles avec les syst\u00e8mes MR et MRL. Les moteurs ont un faible poids, un encodeur prot\u00e9g\u00e9, et une efficacit\u00e9 \u00e9nerg\u00e9tique avec les plus hauts niveaux de performance. Tous les types de moteurs sont disponibles dans notre inventaire. Il suffit de nous contacter.<\/p>\n","protected":false},"featured_media":993147,"comment_status":"open","ping_status":"closed","template":"","meta":[],"product_brand":[],"product_cat":[838],"product_tag":[],"class_list":{"0":"post-996261","1":"product","2":"type-product","3":"status-publish","4":"has-post-thumbnail","6":"product_cat-moteurs-dascenseur","8":"first","9":"instock","10":"shipping-taxable","11":"product-type-simple","12":"prodpage-style2"},"_links":{"self":[{"href":"https:\/\/isfelevator.com\/fr\/wp-json\/wp\/v2\/product\/996261","targetHints":{"allow":["GET"]}}],"collection":[{"href":"https:\/\/isfelevator.com\/fr\/wp-json\/wp\/v2\/product"}],"about":[{"href":"https:\/\/isfelevator.com\/fr\/wp-json\/wp\/v2\/types\/product"}],"replies":[{"embeddable":true,"href":"https:\/\/isfelevator.com\/fr\/wp-json\/wp\/v2\/comments?post=996261"}],"wp:featuredmedia":[{"embeddable":true,"href":"https:\/\/isfelevator.com\/fr\/wp-json\/wp\/v2\/media\/993147"}],"wp:attachment":[{"href":"https:\/\/isfelevator.com\/fr\/wp-json\/wp\/v2\/media?parent=996261"}],"wp:term":[{"taxonomy":"product_brand","embeddable":true,"href":"https:\/\/isfelevator.com\/fr\/wp-json\/wp\/v2\/product_brand?post=996261"},{"taxonomy":"product_cat","embeddable":true,"href":"https:\/\/isfelevator.com\/fr\/wp-json\/wp\/v2\/product_cat?post=996261"},{"taxonomy":"product_tag","embeddable":true,"href":"https:\/\/isfelevator.com\/fr\/wp-json\/wp\/v2\/product_tag?post=996261"}],"curies":[{"name":"wp","href":"https:\/\/api.w.org\/{rel}","templated":true}]}}