{"id":996254,"date":"2023-02-24T13:06:17","date_gmt":"2023-02-24T13:06:17","guid":{"rendered":"https:\/\/isfelevator.com\/product\/geared-elevator-motor\/"},"modified":"2023-02-26T15:55:10","modified_gmt":"2023-02-26T15:55:10","slug":"moteur-dascenseur-a-engrenages","status":"publish","type":"product","link":"https:\/\/isfelevator.com\/fr\/product\/moteur-dascenseur-a-engrenages\/","title":{"rendered":"Moteur d&rsquo;ascenseur \u00e0 engrenages"},"content":{"rendered":"<p><strong><span style=\"vertical-align: inherit;\">Moteur d&rsquo;ascenseur \u00e0 engrenages<\/span><\/strong><\/p>\n<p><strong><span style=\"vertical-align: inherit;\">Moteurs \u00e0 engrenages<\/span><\/strong><span style=\"vertical-align: inherit;\"> Facilit\u00e9 de montage Le niveau de bruit est inf\u00e9rieur \u00e0 50 dB et la valeur de vibration est de 0,7 mm\/sec, ce qui est inf\u00e9rieur aux valeurs standard<\/span><\/p>\n","protected":false},"excerpt":{"rendered":"<p><strong><span style=\"vertical-align: inherit;\">Moteurs<\/span><\/strong><span style=\"vertical-align: inherit;\"> Tous les moteurs compatibles avec les syst\u00e8mes MR et MRL, pour les types de transmission \u00e0 engrenages. Les moteurs ont un faible poids, un encodeur prot\u00e9g\u00e9 et une efficacit\u00e9 \u00e9nerg\u00e9tique avec les niveaux de performance les plus \u00e9lev\u00e9s. Toutes sortes de moteurs sont disponibles dans notre inventaire. Contactez-nous.<\/span><\/p>\n","protected":false},"featured_media":993117,"comment_status":"open","ping_status":"closed","template":"","meta":[],"product_brand":[],"product_cat":[838],"product_tag":[],"class_list":{"0":"post-996254","1":"product","2":"type-product","3":"status-publish","4":"has-post-thumbnail","6":"product_cat-moteurs-dascenseur","8":"first","9":"instock","10":"shipping-taxable","11":"product-type-simple","12":"prodpage-style2"},"_links":{"self":[{"href":"https:\/\/isfelevator.com\/fr\/wp-json\/wp\/v2\/product\/996254","targetHints":{"allow":["GET"]}}],"collection":[{"href":"https:\/\/isfelevator.com\/fr\/wp-json\/wp\/v2\/product"}],"about":[{"href":"https:\/\/isfelevator.com\/fr\/wp-json\/wp\/v2\/types\/product"}],"replies":[{"embeddable":true,"href":"https:\/\/isfelevator.com\/fr\/wp-json\/wp\/v2\/comments?post=996254"}],"wp:featuredmedia":[{"embeddable":true,"href":"https:\/\/isfelevator.com\/fr\/wp-json\/wp\/v2\/media\/993117"}],"wp:attachment":[{"href":"https:\/\/isfelevator.com\/fr\/wp-json\/wp\/v2\/media?parent=996254"}],"wp:term":[{"taxonomy":"product_brand","embeddable":true,"href":"https:\/\/isfelevator.com\/fr\/wp-json\/wp\/v2\/product_brand?post=996254"},{"taxonomy":"product_cat","embeddable":true,"href":"https:\/\/isfelevator.com\/fr\/wp-json\/wp\/v2\/product_cat?post=996254"},{"taxonomy":"product_tag","embeddable":true,"href":"https:\/\/isfelevator.com\/fr\/wp-json\/wp\/v2\/product_tag?post=996254"}],"curies":[{"name":"wp","href":"https:\/\/api.w.org\/{rel}","templated":true}]}}