{"id":996246,"date":"2023-02-24T13:06:17","date_gmt":"2023-02-24T13:06:17","guid":{"rendered":"https:\/\/isfelevator.com\/product\/gearless-elevator-motor\/"},"modified":"2023-02-26T15:45:50","modified_gmt":"2023-02-26T15:45:50","slug":"moteur-dascenseur-sans-engrenage","status":"publish","type":"product","link":"https:\/\/isfelevator.com\/fr\/product\/moteur-dascenseur-sans-engrenage\/","title":{"rendered":"Moteur d&rsquo;ascenseur sans engrenage"},"content":{"rendered":"<p><strong>Moteur d&rsquo;ascenseur sans engrenage.<\/strong><\/p>\n<p><strong>Moteur sans engrenage<\/strong> Conception compacte pour les applications avec ou sans chambre des syst\u00e8mes d&rsquo;ascenseurs. Confort de voyage maximal et niveau de bruit minimal dans la cabine. 40% d&rsquo;\u00e9conomie d&rsquo;\u00e9nergie. Respectueux de l&rsquo;environnement car il ne n\u00e9cessite pas d&rsquo;huile.<\/p>\n","protected":false},"excerpt":{"rendered":"<p><strong>Moteurs<\/strong> Tous les moteurs sont compatibles avec les syst\u00e8mes MR et MRL, pour les types de transmission sans engrenage. Les moteurs ont un faible poids, un encodeur prot\u00e9g\u00e9, et une efficacit\u00e9 \u00e9nerg\u00e9tique avec les plus hauts niveaux de performance. Tous les types de moteurs sont disponibles dans notre inventaire. Il suffit de nous contacter.<\/p>\n","protected":false},"featured_media":993069,"comment_status":"open","ping_status":"closed","template":"","meta":[],"product_brand":[],"product_cat":[838],"product_tag":[],"class_list":{"0":"post-996246","1":"product","2":"type-product","3":"status-publish","4":"has-post-thumbnail","6":"product_cat-moteurs-dascenseur","8":"first","9":"instock","10":"shipping-taxable","11":"product-type-simple","12":"prodpage-style2"},"_links":{"self":[{"href":"https:\/\/isfelevator.com\/fr\/wp-json\/wp\/v2\/product\/996246","targetHints":{"allow":["GET"]}}],"collection":[{"href":"https:\/\/isfelevator.com\/fr\/wp-json\/wp\/v2\/product"}],"about":[{"href":"https:\/\/isfelevator.com\/fr\/wp-json\/wp\/v2\/types\/product"}],"replies":[{"embeddable":true,"href":"https:\/\/isfelevator.com\/fr\/wp-json\/wp\/v2\/comments?post=996246"}],"wp:featuredmedia":[{"embeddable":true,"href":"https:\/\/isfelevator.com\/fr\/wp-json\/wp\/v2\/media\/993069"}],"wp:attachment":[{"href":"https:\/\/isfelevator.com\/fr\/wp-json\/wp\/v2\/media?parent=996246"}],"wp:term":[{"taxonomy":"product_brand","embeddable":true,"href":"https:\/\/isfelevator.com\/fr\/wp-json\/wp\/v2\/product_brand?post=996246"},{"taxonomy":"product_cat","embeddable":true,"href":"https:\/\/isfelevator.com\/fr\/wp-json\/wp\/v2\/product_cat?post=996246"},{"taxonomy":"product_tag","embeddable":true,"href":"https:\/\/isfelevator.com\/fr\/wp-json\/wp\/v2\/product_tag?post=996246"}],"curies":[{"name":"wp","href":"https:\/\/api.w.org\/{rel}","templated":true}]}}