{"id":996226,"date":"2023-02-24T13:06:18","date_gmt":"2023-02-24T13:06:18","guid":{"rendered":"https:\/\/isfelevator.com\/product\/hflp-cabin-operating-panel\/"},"modified":"2023-02-26T15:15:57","modified_gmt":"2023-02-26T15:15:57","slug":"panneau-de-commande-de-la-cabine-hflp","status":"publish","type":"product","link":"https:\/\/isfelevator.com\/fr\/product\/panneau-de-commande-de-la-cabine-hflp\/","title":{"rendered":"Panneau de commande de la cabine HFLP"},"content":{"rendered":"<p><strong>Panneau de commande de la cabine HFLP<\/strong><\/p>\n<p><strong>S\u00e9rie de panneaux Half Flex Line<\/strong> Peut \u00eatre utilis\u00e9 avec tous les types d&rsquo;indicateurs Peut \u00eatre utilis\u00e9 avec des connexions s\u00e9rie et parall\u00e8le<\/p>\n","protected":false},"excerpt":{"rendered":"<p><strong>S\u00e9rie de panneaux de la ligne Half Flex<\/strong><\/p>\n","protected":false},"featured_media":993297,"comment_status":"open","ping_status":"closed","template":"","meta":[],"product_brand":[],"product_cat":[814],"product_tag":[],"class_list":{"0":"post-996226","1":"product","2":"type-product","3":"status-publish","4":"has-post-thumbnail","6":"product_cat-serie-noire","8":"first","9":"instock","10":"shipping-taxable","11":"product-type-simple","12":"prodpage-style2"},"_links":{"self":[{"href":"https:\/\/isfelevator.com\/fr\/wp-json\/wp\/v2\/product\/996226","targetHints":{"allow":["GET"]}}],"collection":[{"href":"https:\/\/isfelevator.com\/fr\/wp-json\/wp\/v2\/product"}],"about":[{"href":"https:\/\/isfelevator.com\/fr\/wp-json\/wp\/v2\/types\/product"}],"replies":[{"embeddable":true,"href":"https:\/\/isfelevator.com\/fr\/wp-json\/wp\/v2\/comments?post=996226"}],"wp:featuredmedia":[{"embeddable":true,"href":"https:\/\/isfelevator.com\/fr\/wp-json\/wp\/v2\/media\/993297"}],"wp:attachment":[{"href":"https:\/\/isfelevator.com\/fr\/wp-json\/wp\/v2\/media?parent=996226"}],"wp:term":[{"taxonomy":"product_brand","embeddable":true,"href":"https:\/\/isfelevator.com\/fr\/wp-json\/wp\/v2\/product_brand?post=996226"},{"taxonomy":"product_cat","embeddable":true,"href":"https:\/\/isfelevator.com\/fr\/wp-json\/wp\/v2\/product_cat?post=996226"},{"taxonomy":"product_tag","embeddable":true,"href":"https:\/\/isfelevator.com\/fr\/wp-json\/wp\/v2\/product_tag?post=996226"}],"curies":[{"name":"wp","href":"https:\/\/api.w.org\/{rel}","templated":true}]}}