{"id":996210,"date":"2023-02-24T13:06:18","date_gmt":"2023-02-24T13:06:18","guid":{"rendered":"https:\/\/isfelevator.com\/product\/hhh-ep-cabin-operating-panel\/"},"modified":"2023-02-26T15:02:54","modified_gmt":"2023-02-26T15:02:54","slug":"panneau-de-commande-de-cabine-hhh-ep","status":"publish","type":"product","link":"https:\/\/isfelevator.com\/fr\/product\/panneau-de-commande-de-cabine-hhh-ep\/","title":{"rendered":"Panneau de commande de cabine HHH EP"},"content":{"rendered":"<p><strong><span style=\"vertical-align: inherit;\">Panneau de commande de cabine HHH EP<\/span><\/strong><\/p>\n<p><strong><span style=\"vertical-align: inherit;\">HHH EP<\/span><\/strong><span style=\"vertical-align: inherit;\"> (Episode Serie) Utiliser uniquement avec les indicateurs Dot-Matrix. Peut \u00eatre utilis\u00e9 avec une connexion s\u00e9rie et parall\u00e8le.<\/span><\/p>\n","protected":false},"excerpt":{"rendered":"<p><span style=\"vertical-align: inherit;\">Demi-hauteur avec panneau de commande de voiture \u00e0 charni\u00e8re<\/span><\/p>\n","protected":false},"featured_media":993279,"comment_status":"open","ping_status":"closed","template":"","meta":[],"product_brand":[],"product_cat":[814],"product_tag":[],"class_list":{"0":"post-996210","1":"product","2":"type-product","3":"status-publish","4":"has-post-thumbnail","6":"product_cat-serie-noire","8":"first","9":"instock","10":"shipping-taxable","11":"product-type-simple","12":"prodpage-style2"},"_links":{"self":[{"href":"https:\/\/isfelevator.com\/fr\/wp-json\/wp\/v2\/product\/996210","targetHints":{"allow":["GET"]}}],"collection":[{"href":"https:\/\/isfelevator.com\/fr\/wp-json\/wp\/v2\/product"}],"about":[{"href":"https:\/\/isfelevator.com\/fr\/wp-json\/wp\/v2\/types\/product"}],"replies":[{"embeddable":true,"href":"https:\/\/isfelevator.com\/fr\/wp-json\/wp\/v2\/comments?post=996210"}],"wp:featuredmedia":[{"embeddable":true,"href":"https:\/\/isfelevator.com\/fr\/wp-json\/wp\/v2\/media\/993279"}],"wp:attachment":[{"href":"https:\/\/isfelevator.com\/fr\/wp-json\/wp\/v2\/media?parent=996210"}],"wp:term":[{"taxonomy":"product_brand","embeddable":true,"href":"https:\/\/isfelevator.com\/fr\/wp-json\/wp\/v2\/product_brand?post=996210"},{"taxonomy":"product_cat","embeddable":true,"href":"https:\/\/isfelevator.com\/fr\/wp-json\/wp\/v2\/product_cat?post=996210"},{"taxonomy":"product_tag","embeddable":true,"href":"https:\/\/isfelevator.com\/fr\/wp-json\/wp\/v2\/product_tag?post=996210"}],"curies":[{"name":"wp","href":"https:\/\/api.w.org\/{rel}","templated":true}]}}