{"id":996202,"date":"2023-02-24T13:06:18","date_gmt":"2023-02-24T13:06:18","guid":{"rendered":"https:\/\/isfelevator.com\/product\/steel-ropes\/"},"modified":"2023-02-26T14:55:39","modified_gmt":"2023-02-26T14:55:39","slug":"cordes-en-acier","status":"publish","type":"product","link":"https:\/\/isfelevator.com\/fr\/product\/cordes-en-acier\/","title":{"rendered":"Cordes en acier"},"content":{"rendered":"<p><strong><span style=\"vertical-align: inherit;\">Cordes en acier<\/span><\/strong><\/p>\n<p><strong><span style=\"vertical-align: inherit;\">Cordes en acier<\/span><\/strong><span style=\"vertical-align: inherit;\"> \u2022 La construction de corde 8 x 19 Seale et Wallington est la corde de suspension \u00e0 entra\u00eenement par traction la plus r\u00e9pandue dans le monde. \u2022Les c\u00e2bles \u00e0 8 torons avec \u00e2me en fibre naturelle sont la solution la plus courante pour l&rsquo;ascenseur \u00e0 traction normale. \u2022La qualit\u00e9 de la corde de cette construction de corde d\u00e9pend de la qualit\u00e9 des fibres et du noyau de fibre r\u00e9sultant.<\/span><\/p>\n","protected":false},"excerpt":{"rendered":"<p><strong><span style=\"vertical-align: inherit;\">Cordes en acier<\/span><\/strong><span style=\"vertical-align: inherit;\"> \u2022 La construction de corde 8 x 19 Seale et Wallington est la corde de suspension \u00e0 entra\u00eenement par traction la plus r\u00e9pandue dans le monde. \u2022Les c\u00e2bles \u00e0 8 torons avec \u00e2me en fibre naturelle sont la solution la plus courante pour l&rsquo;ascenseur \u00e0 traction normale. \u2022La qualit\u00e9 de la corde de cette construction de corde d\u00e9pend de la qualit\u00e9 des fibres et du noyau de fibre r\u00e9sultant.<\/span><\/p>\n","protected":false},"featured_media":993261,"comment_status":"open","ping_status":"closed","template":"","meta":[],"product_brand":[],"product_cat":[658,632],"product_tag":[],"class_list":{"0":"post-996202","1":"product","2":"type-product","3":"status-publish","4":"has-post-thumbnail","6":"product_cat-autres-composants","7":"product_cat-composants-materiel","9":"first","10":"instock","11":"shipping-taxable","12":"product-type-simple","13":"prodpage-style2"},"_links":{"self":[{"href":"https:\/\/isfelevator.com\/fr\/wp-json\/wp\/v2\/product\/996202","targetHints":{"allow":["GET"]}}],"collection":[{"href":"https:\/\/isfelevator.com\/fr\/wp-json\/wp\/v2\/product"}],"about":[{"href":"https:\/\/isfelevator.com\/fr\/wp-json\/wp\/v2\/types\/product"}],"replies":[{"embeddable":true,"href":"https:\/\/isfelevator.com\/fr\/wp-json\/wp\/v2\/comments?post=996202"}],"wp:featuredmedia":[{"embeddable":true,"href":"https:\/\/isfelevator.com\/fr\/wp-json\/wp\/v2\/media\/993261"}],"wp:attachment":[{"href":"https:\/\/isfelevator.com\/fr\/wp-json\/wp\/v2\/media?parent=996202"}],"wp:term":[{"taxonomy":"product_brand","embeddable":true,"href":"https:\/\/isfelevator.com\/fr\/wp-json\/wp\/v2\/product_brand?post=996202"},{"taxonomy":"product_cat","embeddable":true,"href":"https:\/\/isfelevator.com\/fr\/wp-json\/wp\/v2\/product_cat?post=996202"},{"taxonomy":"product_tag","embeddable":true,"href":"https:\/\/isfelevator.com\/fr\/wp-json\/wp\/v2\/product_tag?post=996202"}],"curies":[{"name":"wp","href":"https:\/\/api.w.org\/{rel}","templated":true}]}}