{"id":996187,"date":"2023-02-24T13:06:18","date_gmt":"2023-02-24T13:06:18","guid":{"rendered":"https:\/\/isfelevator.com\/product\/elevator-guide-rails\/"},"modified":"2023-02-26T14:41:41","modified_gmt":"2023-02-26T14:41:41","slug":"rails-de-guidage-pour-ascenseurs","status":"publish","type":"product","link":"https:\/\/isfelevator.com\/fr\/product\/rails-de-guidage-pour-ascenseurs\/","title":{"rendered":"Rails de guidage pour ascenseurs"},"content":{"rendered":"<p><strong>Rails de guidage pour ascenseurs<\/strong><\/p>\n<p>Tous types de rails pour wagons et contrepoids. Rails de guidage usin\u00e9s. Rails \u00e9tir\u00e9s \u00e0 froid.<\/p>\n","protected":false},"excerpt":{"rendered":"<p>Tous types de rails pour wagons et contrepoids. Rails de guidage usin\u00e9s. Rails \u00e9tir\u00e9s \u00e0 froid.<\/p>\n","protected":false},"featured_media":993237,"comment_status":"open","ping_status":"closed","template":"","meta":[],"product_brand":[],"product_cat":[658,632],"product_tag":[],"class_list":{"0":"post-996187","1":"product","2":"type-product","3":"status-publish","4":"has-post-thumbnail","6":"product_cat-autres-composants","7":"product_cat-composants-materiel","9":"first","10":"instock","11":"shipping-taxable","12":"product-type-simple","13":"prodpage-style2"},"_links":{"self":[{"href":"https:\/\/isfelevator.com\/fr\/wp-json\/wp\/v2\/product\/996187","targetHints":{"allow":["GET"]}}],"collection":[{"href":"https:\/\/isfelevator.com\/fr\/wp-json\/wp\/v2\/product"}],"about":[{"href":"https:\/\/isfelevator.com\/fr\/wp-json\/wp\/v2\/types\/product"}],"replies":[{"embeddable":true,"href":"https:\/\/isfelevator.com\/fr\/wp-json\/wp\/v2\/comments?post=996187"}],"wp:featuredmedia":[{"embeddable":true,"href":"https:\/\/isfelevator.com\/fr\/wp-json\/wp\/v2\/media\/993237"}],"wp:attachment":[{"href":"https:\/\/isfelevator.com\/fr\/wp-json\/wp\/v2\/media?parent=996187"}],"wp:term":[{"taxonomy":"product_brand","embeddable":true,"href":"https:\/\/isfelevator.com\/fr\/wp-json\/wp\/v2\/product_brand?post=996187"},{"taxonomy":"product_cat","embeddable":true,"href":"https:\/\/isfelevator.com\/fr\/wp-json\/wp\/v2\/product_cat?post=996187"},{"taxonomy":"product_tag","embeddable":true,"href":"https:\/\/isfelevator.com\/fr\/wp-json\/wp\/v2\/product_tag?post=996187"}],"curies":[{"name":"wp","href":"https:\/\/api.w.org\/{rel}","templated":true}]}}