{"id":996134,"date":"2023-02-24T13:06:55","date_gmt":"2023-02-24T13:06:55","guid":{"rendered":"https:\/\/isfelevator.com\/product\/black-series-fixtures\/"},"modified":"2023-02-26T12:09:51","modified_gmt":"2023-02-26T12:09:51","slug":"luminaires-de-la-serie-noire","status":"publish","type":"product","link":"https:\/\/isfelevator.com\/fr\/product\/luminaires-de-la-serie-noire\/","title":{"rendered":"Luminaires de la s\u00e9rie noire"},"content":{"rendered":"<p><strong>Luminaires de la s\u00e9rie noire<\/strong><\/p>\n","protected":false},"excerpt":{"rendered":"<p><strong>Les s\u00e9ries noires<\/strong> COP, LOP et LIP peuvent \u00eatre utilis\u00e9es avec tous les types de syst\u00e8mes d&rsquo;ascenseurs. Tous les types de produits sont conformes aux normes europ\u00e9ennes.<\/p>\n","protected":false},"featured_media":993285,"comment_status":"open","ping_status":"closed","template":"","meta":[],"product_brand":[],"product_cat":[808],"product_tag":[],"class_list":{"0":"post-996134","1":"product","2":"type-product","3":"status-publish","4":"has-post-thumbnail","6":"product_cat-elements-dascenseur","8":"first","9":"instock","10":"shipping-taxable","11":"product-type-simple","12":"prodpage-style2"},"_links":{"self":[{"href":"https:\/\/isfelevator.com\/fr\/wp-json\/wp\/v2\/product\/996134","targetHints":{"allow":["GET"]}}],"collection":[{"href":"https:\/\/isfelevator.com\/fr\/wp-json\/wp\/v2\/product"}],"about":[{"href":"https:\/\/isfelevator.com\/fr\/wp-json\/wp\/v2\/types\/product"}],"replies":[{"embeddable":true,"href":"https:\/\/isfelevator.com\/fr\/wp-json\/wp\/v2\/comments?post=996134"}],"wp:featuredmedia":[{"embeddable":true,"href":"https:\/\/isfelevator.com\/fr\/wp-json\/wp\/v2\/media\/993285"}],"wp:attachment":[{"href":"https:\/\/isfelevator.com\/fr\/wp-json\/wp\/v2\/media?parent=996134"}],"wp:term":[{"taxonomy":"product_brand","embeddable":true,"href":"https:\/\/isfelevator.com\/fr\/wp-json\/wp\/v2\/product_brand?post=996134"},{"taxonomy":"product_cat","embeddable":true,"href":"https:\/\/isfelevator.com\/fr\/wp-json\/wp\/v2\/product_cat?post=996134"},{"taxonomy":"product_tag","embeddable":true,"href":"https:\/\/isfelevator.com\/fr\/wp-json\/wp\/v2\/product_tag?post=996134"}],"curies":[{"name":"wp","href":"https:\/\/api.w.org\/{rel}","templated":true}]}}