{"id":996126,"date":"2023-02-24T13:06:56","date_gmt":"2023-02-24T13:06:56","guid":{"rendered":"https:\/\/isfelevator.com\/product\/access-key\/"},"modified":"2023-02-26T12:01:37","modified_gmt":"2023-02-26T12:01:37","slug":"cle-dacces","status":"publish","type":"product","link":"https:\/\/isfelevator.com\/fr\/product\/cle-dacces\/","title":{"rendered":"Cl\u00e9 d&rsquo;acc\u00e8s"},"content":{"rendered":"<p><strong>Cl\u00e9 d&rsquo;acc\u00e8s<\/strong><\/p>\n<p>Description technique Sonde en acier inoxydable, \u00e9clairage bicolore de la sonde, m\u00e9moire non volatile de 512 touches, avertisseur sonore propre.<\/p>\n","protected":false},"excerpt":{"rendered":"<p><strong>Module de s\u00e9curit\u00e9 num\u00e9rique AXES-D Syst\u00e8me<\/strong> de s\u00e9curit\u00e9 \u00e9lectronique. Ne permet que des cl\u00e9s \u00e9lectroniques identifi\u00e9es. Les boutons de l&rsquo;unit\u00e9 sont utilis\u00e9s pour la programmation, ainsi qu&rsquo;un passe-partout pour la programmation apr\u00e8s l&rsquo;installation, ce qui ne n\u00e9cessite pas d&rsquo;ouvrir l&rsquo;unit\u00e9.<\/p>\n","protected":false},"featured_media":993453,"comment_status":"open","ping_status":"closed","template":"","meta":[],"product_brand":[],"product_cat":[637],"product_tag":[],"class_list":{"0":"post-996126","1":"product","2":"type-product","3":"status-publish","4":"has-post-thumbnail","6":"product_cat-code-dacces","8":"first","9":"instock","10":"shipping-taxable","11":"product-type-simple","12":"prodpage-style2"},"_links":{"self":[{"href":"https:\/\/isfelevator.com\/fr\/wp-json\/wp\/v2\/product\/996126","targetHints":{"allow":["GET"]}}],"collection":[{"href":"https:\/\/isfelevator.com\/fr\/wp-json\/wp\/v2\/product"}],"about":[{"href":"https:\/\/isfelevator.com\/fr\/wp-json\/wp\/v2\/types\/product"}],"replies":[{"embeddable":true,"href":"https:\/\/isfelevator.com\/fr\/wp-json\/wp\/v2\/comments?post=996126"}],"wp:featuredmedia":[{"embeddable":true,"href":"https:\/\/isfelevator.com\/fr\/wp-json\/wp\/v2\/media\/993453"}],"wp:attachment":[{"href":"https:\/\/isfelevator.com\/fr\/wp-json\/wp\/v2\/media?parent=996126"}],"wp:term":[{"taxonomy":"product_brand","embeddable":true,"href":"https:\/\/isfelevator.com\/fr\/wp-json\/wp\/v2\/product_brand?post=996126"},{"taxonomy":"product_cat","embeddable":true,"href":"https:\/\/isfelevator.com\/fr\/wp-json\/wp\/v2\/product_cat?post=996126"},{"taxonomy":"product_tag","embeddable":true,"href":"https:\/\/isfelevator.com\/fr\/wp-json\/wp\/v2\/product_tag?post=996126"}],"curies":[{"name":"wp","href":"https:\/\/api.w.org\/{rel}","templated":true}]}}