{"id":996009,"date":"2023-02-24T13:07:23","date_gmt":"2023-02-24T13:07:23","guid":{"rendered":"https:\/\/isfelevator.com\/product\/cop-2120-cabin-operating-panel\/"},"modified":"2023-02-26T10:44:56","modified_gmt":"2023-02-26T10:44:56","slug":"panneau-de-commande-cabine-cop-2120","status":"publish","type":"product","link":"https:\/\/isfelevator.com\/fr\/product\/panneau-de-commande-cabine-cop-2120\/","title":{"rendered":"Panneau de commande cabine COP 2120"},"content":{"rendered":"<p><strong><span style=\"vertical-align: inherit;\">Panneau de commande cabine COP 2120<\/span><\/strong><\/p>\n<p><strong><span style=\"vertical-align: inherit;\">COP 2120<\/span><\/strong><span style=\"vertical-align: inherit;\"> Hairline Inox Peut \u00eatre utilis\u00e9 avec tous les types d&rsquo;indicateurs. Peut \u00eatre utilis\u00e9 avec la connexion s\u00e9rie et parall\u00e8le.<\/span><\/p>\n","protected":false},"excerpt":{"rendered":"<p><span style=\"vertical-align: inherit;\">Panneau articul\u00e9 pleine hauteur <strong>COP 2120<\/strong><\/span><\/p>\n","protected":false},"featured_media":993507,"comment_status":"open","ping_status":"closed","template":"","meta":[],"product_brand":[],"product_cat":[808,820],"product_tag":[],"class_list":{"0":"post-996009","1":"product","2":"type-product","3":"status-publish","4":"has-post-thumbnail","6":"product_cat-elements-dascenseur","7":"product_cat-serie-bleue","9":"first","10":"instock","11":"shipping-taxable","12":"product-type-simple","13":"prodpage-style2"},"_links":{"self":[{"href":"https:\/\/isfelevator.com\/fr\/wp-json\/wp\/v2\/product\/996009","targetHints":{"allow":["GET"]}}],"collection":[{"href":"https:\/\/isfelevator.com\/fr\/wp-json\/wp\/v2\/product"}],"about":[{"href":"https:\/\/isfelevator.com\/fr\/wp-json\/wp\/v2\/types\/product"}],"replies":[{"embeddable":true,"href":"https:\/\/isfelevator.com\/fr\/wp-json\/wp\/v2\/comments?post=996009"}],"wp:featuredmedia":[{"embeddable":true,"href":"https:\/\/isfelevator.com\/fr\/wp-json\/wp\/v2\/media\/993507"}],"wp:attachment":[{"href":"https:\/\/isfelevator.com\/fr\/wp-json\/wp\/v2\/media?parent=996009"}],"wp:term":[{"taxonomy":"product_brand","embeddable":true,"href":"https:\/\/isfelevator.com\/fr\/wp-json\/wp\/v2\/product_brand?post=996009"},{"taxonomy":"product_cat","embeddable":true,"href":"https:\/\/isfelevator.com\/fr\/wp-json\/wp\/v2\/product_cat?post=996009"},{"taxonomy":"product_tag","embeddable":true,"href":"https:\/\/isfelevator.com\/fr\/wp-json\/wp\/v2\/product_tag?post=996009"}],"curies":[{"name":"wp","href":"https:\/\/api.w.org\/{rel}","templated":true}]}}