{"id":995900,"date":"2023-02-24T13:07:45","date_gmt":"2023-02-24T13:07:45","guid":{"rendered":"https:\/\/isfelevator.com\/product\/gcop-2320-cabin-operating-panel\/"},"modified":"2023-02-25T20:58:13","modified_gmt":"2023-02-25T20:58:13","slug":"gcop-2320-panneau-de-commande-de-la-cabine","status":"publish","type":"product","link":"https:\/\/isfelevator.com\/fr\/product\/gcop-2320-panneau-de-commande-de-la-cabine\/","title":{"rendered":"GCOP 2320 Panneau de commande de la cabine"},"content":{"rendered":"<p><strong>GCOP 2320 Panneau de commande de la cabine<\/strong><\/p>\n<p><strong>GCOP 2320<\/strong> En verre Bouton tactile Peut \u00eatre utilis\u00e9 avec tous les types d&rsquo;indicateurs. Peut \u00eatre utilis\u00e9 avec la connexion s\u00e9rie et parall\u00e8le.<\/p>\n","protected":false},"excerpt":{"rendered":"<p><strong>GCOP 2320<\/strong> Panneau de verre \u00e0 charni\u00e8re pleine hauteur<\/p>\n","protected":false},"featured_media":993513,"comment_status":"open","ping_status":"closed","template":"","meta":[],"product_brand":[],"product_cat":[808,820],"product_tag":[],"class_list":{"0":"post-995900","1":"product","2":"type-product","3":"status-publish","4":"has-post-thumbnail","6":"product_cat-elements-dascenseur","7":"product_cat-serie-bleue","9":"first","10":"instock","11":"shipping-taxable","12":"product-type-simple","13":"prodpage-style2"},"_links":{"self":[{"href":"https:\/\/isfelevator.com\/fr\/wp-json\/wp\/v2\/product\/995900","targetHints":{"allow":["GET"]}}],"collection":[{"href":"https:\/\/isfelevator.com\/fr\/wp-json\/wp\/v2\/product"}],"about":[{"href":"https:\/\/isfelevator.com\/fr\/wp-json\/wp\/v2\/types\/product"}],"replies":[{"embeddable":true,"href":"https:\/\/isfelevator.com\/fr\/wp-json\/wp\/v2\/comments?post=995900"}],"wp:featuredmedia":[{"embeddable":true,"href":"https:\/\/isfelevator.com\/fr\/wp-json\/wp\/v2\/media\/993513"}],"wp:attachment":[{"href":"https:\/\/isfelevator.com\/fr\/wp-json\/wp\/v2\/media?parent=995900"}],"wp:term":[{"taxonomy":"product_brand","embeddable":true,"href":"https:\/\/isfelevator.com\/fr\/wp-json\/wp\/v2\/product_brand?post=995900"},{"taxonomy":"product_cat","embeddable":true,"href":"https:\/\/isfelevator.com\/fr\/wp-json\/wp\/v2\/product_cat?post=995900"},{"taxonomy":"product_tag","embeddable":true,"href":"https:\/\/isfelevator.com\/fr\/wp-json\/wp\/v2\/product_tag?post=995900"}],"curies":[{"name":"wp","href":"https:\/\/api.w.org\/{rel}","templated":true}]}}