{"id":995878,"date":"2023-02-24T13:07:46","date_gmt":"2023-02-24T13:07:46","guid":{"rendered":"https:\/\/isfelevator.com\/product\/av-931-car-operating-panel\/"},"modified":"2023-02-25T20:38:38","modified_gmt":"2023-02-25T20:38:38","slug":"av-931-panneau-de-commande-de-la-voiture","status":"publish","type":"product","link":"https:\/\/isfelevator.com\/fr\/product\/av-931-panneau-de-commande-de-la-voiture\/","title":{"rendered":"AV 931 &#8211; Panneau de commande de la voiture"},"content":{"rendered":"<p><strong>AV 931 &#8211; Panneau de commande de la voiture<\/strong><\/p>\n<p>Acier inoxydable Hairline Peut \u00eatre utilis\u00e9 avec tous les types d&rsquo;indicateurs. Peut \u00eatre utilis\u00e9 avec une connexion s\u00e9rie et parall\u00e8le.<\/p>\n","protected":false},"excerpt":{"rendered":"<p>Panneau de commande de la voiture<\/p>\n","protected":false},"featured_media":993573,"comment_status":"open","ping_status":"closed","template":"","meta":[],"product_brand":[],"product_cat":[808,826],"product_tag":[],"class_list":{"0":"post-995878","1":"product","2":"type-product","3":"status-publish","4":"has-post-thumbnail","6":"product_cat-elements-dascenseur","7":"product_cat-serie-turquoise","9":"first","10":"instock","11":"shipping-taxable","12":"product-type-simple","13":"prodpage-style2"},"_links":{"self":[{"href":"https:\/\/isfelevator.com\/fr\/wp-json\/wp\/v2\/product\/995878","targetHints":{"allow":["GET"]}}],"collection":[{"href":"https:\/\/isfelevator.com\/fr\/wp-json\/wp\/v2\/product"}],"about":[{"href":"https:\/\/isfelevator.com\/fr\/wp-json\/wp\/v2\/types\/product"}],"replies":[{"embeddable":true,"href":"https:\/\/isfelevator.com\/fr\/wp-json\/wp\/v2\/comments?post=995878"}],"wp:featuredmedia":[{"embeddable":true,"href":"https:\/\/isfelevator.com\/fr\/wp-json\/wp\/v2\/media\/993573"}],"wp:attachment":[{"href":"https:\/\/isfelevator.com\/fr\/wp-json\/wp\/v2\/media?parent=995878"}],"wp:term":[{"taxonomy":"product_brand","embeddable":true,"href":"https:\/\/isfelevator.com\/fr\/wp-json\/wp\/v2\/product_brand?post=995878"},{"taxonomy":"product_cat","embeddable":true,"href":"https:\/\/isfelevator.com\/fr\/wp-json\/wp\/v2\/product_cat?post=995878"},{"taxonomy":"product_tag","embeddable":true,"href":"https:\/\/isfelevator.com\/fr\/wp-json\/wp\/v2\/product_tag?post=995878"}],"curies":[{"name":"wp","href":"https:\/\/api.w.org\/{rel}","templated":true}]}}