{"id":995792,"date":"2023-02-24T13:08:14","date_gmt":"2023-02-24T13:08:14","guid":{"rendered":"https:\/\/isfelevator.com\/product\/hs500-remote-access-terminal-arem\/"},"modified":"2023-02-25T19:31:08","modified_gmt":"2023-02-25T19:31:08","slug":"terminal-dacces-a-distance-hs500-arem","status":"publish","type":"product","link":"https:\/\/isfelevator.com\/fr\/product\/terminal-dacces-a-distance-hs500-arem\/","title":{"rendered":"Terminal d&rsquo;acc\u00e8s \u00e0 distance HS500 (AREM)"},"content":{"rendered":"<p>Terminal d&rsquo;acc\u00e8s \u00e0 distance HS500 (AREM) Contr\u00f4leurs d&rsquo;ascenseurs Unit\u00e9s auxiliaires d&rsquo;ascenseurs<\/p>\n<p><strong>Terminal d&rsquo;acc\u00e8s \u00e0 distance HS500 Le<\/strong> terminal d&rsquo;acc\u00e8s \u00e0 distance HS500 (AREM) permet d&rsquo;acc\u00e9der \u00e0 distance au menu de la carte de contr\u00f4le lorsqu&rsquo;il est connect\u00e9 \u00e0 la ligne CANBus depuis n&rsquo;importe quelle partie du syst\u00e8me Possibilit\u00e9 de se connecter aux prises CANBus depuis n&rsquo;importe quelle partie de l&rsquo;ascenseur Possibilit\u00e9 de contr\u00f4ler la carte m\u00e8re ARL-500, l&rsquo;onduleur ADrive WVF et l&rsquo;unit\u00e9 int\u00e9gr\u00e9e Arcode Fonctionnement confortable assur\u00e9 par son c\u00e2ble portable de 1,5 m<\/p>\n","protected":false},"excerpt":{"rendered":"<p>Terminal d&rsquo;acc\u00e8s \u00e0 distance<\/p>\n","protected":false},"featured_media":993765,"comment_status":"open","ping_status":"closed","template":"","meta":[],"product_brand":[],"product_cat":[724,682,688],"product_tag":[],"class_list":{"0":"post-995792","1":"product","2":"type-product","3":"status-publish","4":"has-post-thumbnail","6":"product_cat-autres-produits","7":"product_cat-controleurs-dascenseur","8":"product_cat-unites-auxiliaires","10":"first","11":"instock","12":"shipping-taxable","13":"product-type-simple","14":"prodpage-style2"},"_links":{"self":[{"href":"https:\/\/isfelevator.com\/fr\/wp-json\/wp\/v2\/product\/995792","targetHints":{"allow":["GET"]}}],"collection":[{"href":"https:\/\/isfelevator.com\/fr\/wp-json\/wp\/v2\/product"}],"about":[{"href":"https:\/\/isfelevator.com\/fr\/wp-json\/wp\/v2\/types\/product"}],"replies":[{"embeddable":true,"href":"https:\/\/isfelevator.com\/fr\/wp-json\/wp\/v2\/comments?post=995792"}],"wp:featuredmedia":[{"embeddable":true,"href":"https:\/\/isfelevator.com\/fr\/wp-json\/wp\/v2\/media\/993765"}],"wp:attachment":[{"href":"https:\/\/isfelevator.com\/fr\/wp-json\/wp\/v2\/media?parent=995792"}],"wp:term":[{"taxonomy":"product_brand","embeddable":true,"href":"https:\/\/isfelevator.com\/fr\/wp-json\/wp\/v2\/product_brand?post=995792"},{"taxonomy":"product_cat","embeddable":true,"href":"https:\/\/isfelevator.com\/fr\/wp-json\/wp\/v2\/product_cat?post=995792"},{"taxonomy":"product_tag","embeddable":true,"href":"https:\/\/isfelevator.com\/fr\/wp-json\/wp\/v2\/product_tag?post=995792"}],"curies":[{"name":"wp","href":"https:\/\/api.w.org\/{rel}","templated":true}]}}