{"id":995785,"date":"2023-02-24T13:08:14","date_gmt":"2023-02-24T13:08:14","guid":{"rendered":"https:\/\/isfelevator.com\/product\/ultraslim-lcd-indicators\/"},"modified":"2023-02-25T19:24:16","modified_gmt":"2023-02-25T19:24:16","slug":"indicateurs-lcd-ultraslim","status":"publish","type":"product","link":"https:\/\/isfelevator.com\/fr\/product\/indicateurs-lcd-ultraslim\/","title":{"rendered":"Indicateurs LCD ULTRASLIM"},"content":{"rendered":"<p><strong>Indicateurs LCD ULTRASLIM<\/strong><\/p>\n<p><strong>Afficheur LCD ULTRASLIM<\/strong> Afficheur LCD graphique programmable, r\u00e9solution 128\u044564 pixels, taille de l&rsquo;afficheur 70\u04454mm, taille de l&rsquo;unit\u00e9 enti\u00e8re 110\u044571\u044528mm, tension de fonctionnement 12VDC &#8211; 30 VDC, surcharge, occup\u00e9, porte ouverte, ventilateur, pas de service et entr\u00e9es suppl\u00e9mentaires, cod\u00e9 par le kit de programmation PP200 et un ordinateur personnel.<\/p>\n","protected":false},"excerpt":{"rendered":"<p>Indicateur graphique LCD programmable ULTRASLIM<\/p>\n","protected":false},"featured_media":993753,"comment_status":"open","ping_status":"closed","template":"","meta":[],"product_brand":[],"product_cat":[632,643],"product_tag":[],"class_list":{"0":"post-995785","1":"product","2":"type-product","3":"status-publish","4":"has-post-thumbnail","6":"product_cat-composants-materiel","7":"product_cat-indicateurs","9":"first","10":"instock","11":"shipping-taxable","12":"product-type-simple","13":"prodpage-style2"},"_links":{"self":[{"href":"https:\/\/isfelevator.com\/fr\/wp-json\/wp\/v2\/product\/995785","targetHints":{"allow":["GET"]}}],"collection":[{"href":"https:\/\/isfelevator.com\/fr\/wp-json\/wp\/v2\/product"}],"about":[{"href":"https:\/\/isfelevator.com\/fr\/wp-json\/wp\/v2\/types\/product"}],"replies":[{"embeddable":true,"href":"https:\/\/isfelevator.com\/fr\/wp-json\/wp\/v2\/comments?post=995785"}],"wp:featuredmedia":[{"embeddable":true,"href":"https:\/\/isfelevator.com\/fr\/wp-json\/wp\/v2\/media\/993753"}],"wp:attachment":[{"href":"https:\/\/isfelevator.com\/fr\/wp-json\/wp\/v2\/media?parent=995785"}],"wp:term":[{"taxonomy":"product_brand","embeddable":true,"href":"https:\/\/isfelevator.com\/fr\/wp-json\/wp\/v2\/product_brand?post=995785"},{"taxonomy":"product_cat","embeddable":true,"href":"https:\/\/isfelevator.com\/fr\/wp-json\/wp\/v2\/product_cat?post=995785"},{"taxonomy":"product_tag","embeddable":true,"href":"https:\/\/isfelevator.com\/fr\/wp-json\/wp\/v2\/product_tag?post=995785"}],"curies":[{"name":"wp","href":"https:\/\/api.w.org\/{rel}","templated":true}]}}