{"id":995761,"date":"2023-02-24T13:08:14","date_gmt":"2023-02-24T13:08:14","guid":{"rendered":"https:\/\/isfelevator.com\/product\/excel-indicators\/"},"modified":"2023-02-25T19:01:54","modified_gmt":"2023-02-25T19:01:54","slug":"indicateurs-excel","status":"publish","type":"product","link":"https:\/\/isfelevator.com\/fr\/product\/indicateurs-excel\/","title":{"rendered":"Indicateurs Excel"},"content":{"rendered":"<p><strong>Indicateurs Excel<\/strong><\/p>\n<p><strong>Excel<\/strong> Afficheur LCD graphique programmable, R\u00e9solution d&rsquo;affichage 240\u0445128 pixels, Taille d&rsquo;affichage 114\u044564mm, Tension de fonctionnement 12VDC &#8211; 30 VDC. Alimentation lin\u00e9aire. Surcharge, occup\u00e9, porte ouverte, ventilateur, pas de service, et entr\u00e9es suppl\u00e9mentaires, Cod\u00e9 par kit de programmation PP200 et ordinateur personnel.<\/p>\n","protected":false},"excerpt":{"rendered":"<p>Indicateur graphique LCD programmable Excel<\/p>\n","protected":false},"featured_media":993717,"comment_status":"open","ping_status":"closed","template":"","meta":[],"product_brand":[],"product_cat":[632,643],"product_tag":[],"class_list":{"0":"post-995761","1":"product","2":"type-product","3":"status-publish","4":"has-post-thumbnail","6":"product_cat-composants-materiel","7":"product_cat-indicateurs","9":"first","10":"instock","11":"shipping-taxable","12":"product-type-simple","13":"prodpage-style2"},"_links":{"self":[{"href":"https:\/\/isfelevator.com\/fr\/wp-json\/wp\/v2\/product\/995761","targetHints":{"allow":["GET"]}}],"collection":[{"href":"https:\/\/isfelevator.com\/fr\/wp-json\/wp\/v2\/product"}],"about":[{"href":"https:\/\/isfelevator.com\/fr\/wp-json\/wp\/v2\/types\/product"}],"replies":[{"embeddable":true,"href":"https:\/\/isfelevator.com\/fr\/wp-json\/wp\/v2\/comments?post=995761"}],"wp:featuredmedia":[{"embeddable":true,"href":"https:\/\/isfelevator.com\/fr\/wp-json\/wp\/v2\/media\/993717"}],"wp:attachment":[{"href":"https:\/\/isfelevator.com\/fr\/wp-json\/wp\/v2\/media?parent=995761"}],"wp:term":[{"taxonomy":"product_brand","embeddable":true,"href":"https:\/\/isfelevator.com\/fr\/wp-json\/wp\/v2\/product_brand?post=995761"},{"taxonomy":"product_cat","embeddable":true,"href":"https:\/\/isfelevator.com\/fr\/wp-json\/wp\/v2\/product_cat?post=995761"},{"taxonomy":"product_tag","embeddable":true,"href":"https:\/\/isfelevator.com\/fr\/wp-json\/wp\/v2\/product_tag?post=995761"}],"curies":[{"name":"wp","href":"https:\/\/api.w.org\/{rel}","templated":true}]}}