{"id":995741,"date":"2023-02-24T13:08:14","date_gmt":"2023-02-24T13:08:14","guid":{"rendered":"https:\/\/isfelevator.com\/product\/av-dsar-indicators\/"},"modified":"2023-02-25T18:05:08","modified_gmt":"2023-02-25T18:05:08","slug":"indicateurs-av-dsar","status":"publish","type":"product","link":"https:\/\/isfelevator.com\/fr\/product\/indicateurs-av-dsar\/","title":{"rendered":"Indicateurs AV-DSAR"},"content":{"rendered":"<p><strong>Indicateurs AV-DSAR<\/strong><\/p>\n<p>L&rsquo;\u00e9cran LED \u00e0 matrice de points <strong>AV-DSAR<\/strong> peut \u00eatre utilis\u00e9 dans les panneaux de commande d&rsquo;atterrissage ou de cabine, comme programm\u00e9 verticalement ou horizontalement. -Prise en charge de la plage d&rsquo;atterrissage de -9 \u00e0 +19, installation rapide et facile, codage d&rsquo;entr\u00e9e ferme \u00e0 7 segments.<\/p>\n","protected":false},"excerpt":{"rendered":"<p>Indicateur <strong>AV-DSAR<\/strong> \u00e0 7 segments<\/p>\n","protected":false},"featured_media":993663,"comment_status":"open","ping_status":"closed","template":"","meta":[],"product_brand":[],"product_cat":[632,643],"product_tag":[],"class_list":{"0":"post-995741","1":"product","2":"type-product","3":"status-publish","4":"has-post-thumbnail","6":"product_cat-composants-materiel","7":"product_cat-indicateurs","9":"first","10":"instock","11":"shipping-taxable","12":"product-type-simple","13":"prodpage-style2"},"_links":{"self":[{"href":"https:\/\/isfelevator.com\/fr\/wp-json\/wp\/v2\/product\/995741","targetHints":{"allow":["GET"]}}],"collection":[{"href":"https:\/\/isfelevator.com\/fr\/wp-json\/wp\/v2\/product"}],"about":[{"href":"https:\/\/isfelevator.com\/fr\/wp-json\/wp\/v2\/types\/product"}],"replies":[{"embeddable":true,"href":"https:\/\/isfelevator.com\/fr\/wp-json\/wp\/v2\/comments?post=995741"}],"wp:featuredmedia":[{"embeddable":true,"href":"https:\/\/isfelevator.com\/fr\/wp-json\/wp\/v2\/media\/993663"}],"wp:attachment":[{"href":"https:\/\/isfelevator.com\/fr\/wp-json\/wp\/v2\/media?parent=995741"}],"wp:term":[{"taxonomy":"product_brand","embeddable":true,"href":"https:\/\/isfelevator.com\/fr\/wp-json\/wp\/v2\/product_brand?post=995741"},{"taxonomy":"product_cat","embeddable":true,"href":"https:\/\/isfelevator.com\/fr\/wp-json\/wp\/v2\/product_cat?post=995741"},{"taxonomy":"product_tag","embeddable":true,"href":"https:\/\/isfelevator.com\/fr\/wp-json\/wp\/v2\/product_tag?post=995741"}],"curies":[{"name":"wp","href":"https:\/\/api.w.org\/{rel}","templated":true}]}}