{"id":995733,"date":"2023-02-24T13:08:15","date_gmt":"2023-02-24T13:08:15","guid":{"rendered":"https:\/\/isfelevator.com\/product\/cl-03-door-part-elevator-door-parts\/"},"modified":"2023-02-25T17:57:53","modified_gmt":"2023-02-25T17:57:53","slug":"piece-de-porte-cl-03-pieces-de-porte-dascenseur","status":"publish","type":"product","link":"https:\/\/isfelevator.com\/fr\/product\/piece-de-porte-cl-03-pieces-de-porte-dascenseur\/","title":{"rendered":"Pi\u00e8ce de porte CL-03 &#8211; Pi\u00e8ces de porte d&rsquo;ascenseur"},"content":{"rendered":"<p><strong>CL-03 Pi\u00e8ce de porte.<\/strong><\/p>\n<p><img loading=\"lazy\" decoding=\"async\" class=\"alignleft wp-image-2876 size-large\" src=\"https:\/\/isfelevator.com\/wp-content\/uploads\/2017\/12\/CL-03-sema-1-1024x576.jpg\" alt=\"CL-03\" width=\"1024\" height=\"576\" \/><\/p>\n","protected":false},"excerpt":{"rendered":"<p>Amortisseur de porte pali\u00e8re d&rsquo;ascenseur<\/p>\n","protected":false},"featured_media":993831,"comment_status":"open","ping_status":"closed","template":"","meta":[],"product_brand":[],"product_cat":[802,632,778],"product_tag":[],"class_list":{"0":"post-995733","1":"product","2":"type-product","3":"status-publish","4":"has-post-thumbnail","6":"product_cat-amortisseur-de-choc-de-porte","7":"product_cat-composants-materiel","8":"product_cat-pieces-de-porte-dascenseur","10":"first","11":"instock","12":"shipping-taxable","13":"product-type-simple","14":"prodpage-style2"},"_links":{"self":[{"href":"https:\/\/isfelevator.com\/fr\/wp-json\/wp\/v2\/product\/995733","targetHints":{"allow":["GET"]}}],"collection":[{"href":"https:\/\/isfelevator.com\/fr\/wp-json\/wp\/v2\/product"}],"about":[{"href":"https:\/\/isfelevator.com\/fr\/wp-json\/wp\/v2\/types\/product"}],"replies":[{"embeddable":true,"href":"https:\/\/isfelevator.com\/fr\/wp-json\/wp\/v2\/comments?post=995733"}],"wp:featuredmedia":[{"embeddable":true,"href":"https:\/\/isfelevator.com\/fr\/wp-json\/wp\/v2\/media\/993831"}],"wp:attachment":[{"href":"https:\/\/isfelevator.com\/fr\/wp-json\/wp\/v2\/media?parent=995733"}],"wp:term":[{"taxonomy":"product_brand","embeddable":true,"href":"https:\/\/isfelevator.com\/fr\/wp-json\/wp\/v2\/product_brand?post=995733"},{"taxonomy":"product_cat","embeddable":true,"href":"https:\/\/isfelevator.com\/fr\/wp-json\/wp\/v2\/product_cat?post=995733"},{"taxonomy":"product_tag","embeddable":true,"href":"https:\/\/isfelevator.com\/fr\/wp-json\/wp\/v2\/product_tag?post=995733"}],"curies":[{"name":"wp","href":"https:\/\/api.w.org\/{rel}","templated":true}]}}