{"id":995705,"date":"2023-02-24T13:08:36","date_gmt":"2023-02-24T13:08:36","guid":{"rendered":"https:\/\/isfelevator.com\/product\/automatic-glass-cabin-landing-doors\/"},"modified":"2023-02-25T17:23:49","modified_gmt":"2023-02-25T17:23:49","slug":"portes-palieres-automatiques-en-verre-pour-cabines","status":"publish","type":"product","link":"https:\/\/isfelevator.com\/fr\/product\/portes-palieres-automatiques-en-verre-pour-cabines\/","title":{"rendered":"Portes pali\u00e8res automatiques en verre pour cabines"},"content":{"rendered":"<p><strong>Portes pali\u00e8res automatiques en verre pour cabines.<\/strong><\/p>\n<p><strong>SP\u00c9CIFICATIONS TECHNIQUES<\/strong><\/p>\n<p>Pilote DC-PWM sans interrupteur de fin de course<br \/>\nTension d&rsquo;alimentation 220 V AC<br \/>\nMoteur \u00e0 balais 24 V DC<br \/>\nEncodeur double canal (A, B) 100 ppr<br \/>\nNombre de cycles d&rsquo;ouverture\/fermeture par an 600.000 \u00e0 800.000<\/p>\n","protected":false},"excerpt":{"rendered":"<p>strong&gt;Multiples r\u00e9glages \u00e9lectroniques<\/p>\n<p>\u2022 Param\u00e8tres de taille, de longueur et de v\u00e9locit\u00e9<br \/>\n\u2022 Puissance de la porte qui peut \u00eatre r\u00e9gl\u00e9e s\u00e9par\u00e9ment sur<br \/>\nsens d&rsquo;ouverture et de fermeture<br \/>\n\u2022Compatibilit\u00e9 avec la variation des signaux de commande d&rsquo;ouverture\/fermeture (24 V DC-220 V AC)<br \/>\nsignaux de commande d&rsquo;ouverture\/fermeture (24 V DC-220 V AC)<br \/>\n\u2022 Possibilit\u00e9 de fonctionner avec un seul signal (fermeture)<br \/>\n\u2022 R\u00e9glage des types de court-circuit comme NO\/NC<\/p>\n<p><strong>R\u00e9glages m\u00e9caniques multiples<\/strong><\/p>\n<p>\u2022 Montage pratique<br \/>\n\u2022 R\u00e9glage du panneau sur 3 axes<br \/>\n\u2022 R\u00e9glage de l&rsquo;ouverture libre<\/p>\n","protected":false},"featured_media":993849,"comment_status":"open","ping_status":"closed","template":"","meta":[],"product_brand":[],"product_cat":[766],"product_tag":[],"class_list":{"0":"post-995705","1":"product","2":"type-product","3":"status-publish","4":"has-post-thumbnail","6":"product_cat-portes-dascenseur","8":"first","9":"instock","10":"shipping-taxable","11":"product-type-simple","12":"prodpage-style2"},"_links":{"self":[{"href":"https:\/\/isfelevator.com\/fr\/wp-json\/wp\/v2\/product\/995705","targetHints":{"allow":["GET"]}}],"collection":[{"href":"https:\/\/isfelevator.com\/fr\/wp-json\/wp\/v2\/product"}],"about":[{"href":"https:\/\/isfelevator.com\/fr\/wp-json\/wp\/v2\/types\/product"}],"replies":[{"embeddable":true,"href":"https:\/\/isfelevator.com\/fr\/wp-json\/wp\/v2\/comments?post=995705"}],"wp:featuredmedia":[{"embeddable":true,"href":"https:\/\/isfelevator.com\/fr\/wp-json\/wp\/v2\/media\/993849"}],"wp:attachment":[{"href":"https:\/\/isfelevator.com\/fr\/wp-json\/wp\/v2\/media?parent=995705"}],"wp:term":[{"taxonomy":"product_brand","embeddable":true,"href":"https:\/\/isfelevator.com\/fr\/wp-json\/wp\/v2\/product_brand?post=995705"},{"taxonomy":"product_cat","embeddable":true,"href":"https:\/\/isfelevator.com\/fr\/wp-json\/wp\/v2\/product_cat?post=995705"},{"taxonomy":"product_tag","embeddable":true,"href":"https:\/\/isfelevator.com\/fr\/wp-json\/wp\/v2\/product_tag?post=995705"}],"curies":[{"name":"wp","href":"https:\/\/api.w.org\/{rel}","templated":true}]}}