{"id":995677,"date":"2023-02-24T13:08:37","date_gmt":"2023-02-24T13:08:37","guid":{"rendered":"https:\/\/isfelevator.com\/product\/overspeed-governor-o-300-mm-o-210-mm-others\/"},"modified":"2023-02-25T16:54:33","modified_gmt":"2023-02-25T16:54:33","slug":"regulateur-de-survitesse-o-300-mm-o-210-mm-autres","status":"publish","type":"product","link":"https:\/\/isfelevator.com\/fr\/product\/regulateur-de-survitesse-o-300-mm-o-210-mm-autres\/","title":{"rendered":"R\u00e9gulateur de survitesse (\u00d8 300 mm, \u00d8 210 mm) &#8211; Autres"},"content":{"rendered":"<p><strong><span style=\"vertical-align: inherit;\">R\u00e9gulateur de survitesse.<\/span><\/strong><\/p>\n<p><span style=\"vertical-align: inherit;\">CARACT\u00c9RISTIQUES DU PRODUIT<\/span><\/p>\n<p><span style=\"vertical-align: inherit;\">\u2022 Vitesse nominale (min) 0,40 m\/s <\/span><br \/>\n<span style=\"vertical-align: inherit;\">\u2022 Vitesse nominale (max) 1,60 m\/s <\/span><br \/>\n<span style=\"vertical-align: inherit;\">\u2022 Respect de la directive ascenseur EN81-50 <\/span><br \/>\n<span style=\"vertical-align: inherit;\">\u2022 Enclenchement du parachute dans les deux sens <\/span><br \/>\n<span style=\"vertical-align: inherit;\">\u2022 Coupe d&rsquo;abord l&rsquo;interrupteur de s\u00e9curit\u00e9 puis se d\u00e9clenche <\/span><br \/>\n<span style=\"vertical-align: inherit;\">\u2022 Limiteur de vitesse avec contact de s\u00e9curit\u00e9 <\/span><br \/>\n<span style=\"vertical-align: inherit;\">\u2022 Configuration possible pour un local des machines ou une t\u00eate de gaine <\/span><br \/>\n<span style=\"vertical-align: inherit;\">\u2022 Masse de tension avec contact de s\u00e9curit\u00e9 <\/span><br \/>\n<span style=\"vertical-align: inherit;\">\u2022 Applicable pour les installations secondaires et les modernisations <\/span><br \/>\n<span style=\"vertical-align: inherit;\">\u2022 Pr\u00e9r\u00e9gl\u00e9 en fonction des vitesses nominales et scell\u00e9 <\/span><br \/>\n<span style=\"vertical-align: inherit;\">\u2022 Les trous de fixation sont enti\u00e8rement compatibles avec d&rsquo;autres limiteurs de vitesse <\/span><br \/>\n<span style=\"vertical-align: inherit;\">\u2022 \u200b\u200bMontage \u00e0 presque tous les types d&rsquo;ascenseurs possibles <\/span><br \/>\n<span style=\"vertical-align: inherit;\">\u2022 Installation et maintenance faciles <\/span><br \/>\n<span style=\"vertical-align: inherit;\">\u2022 Le rapport de rainure de test est de 2\/3. <\/span><br \/>\n<span style=\"vertical-align: inherit;\">\u2022 Mode d&#8217;emploi d\u00e9taill\u00e9<\/span><\/p>\n","protected":false},"excerpt":{"rendered":"<p><span style=\"vertical-align: inherit;\">DESCRIPTION <\/span><br \/>\n<span style=\"vertical-align: inherit;\">SYST\u00c8ME UCM<\/span><\/p>\n<p><span style=\"vertical-align: inherit;\">\u2022 Temps de verrouillage court <\/span><br \/>\n<span style=\"vertical-align: inherit;\">\u2022 Bobine de s\u00e9curit\u00e9 24 vdc \/ 3,60 amp \u2013 190vdc \/ 0,38 amp <\/span><br \/>\n<span style=\"vertical-align: inherit;\">\u2022 Commutateur de commande de bobine <\/span><br \/>\n<span style=\"vertical-align: inherit;\">\u2022 Il est livr\u00e9 assembl\u00e9 sur le limiteur de vitesse. il n&rsquo;est pas compatible avec les r\u00e9gulateurs de survitesse d&rsquo;une autre marque. <\/span><br \/>\n<span style=\"vertical-align: inherit;\">\u2022 Il peut \u00eatre utilis\u00e9 pour la r\u00e9vision.<\/span><\/p>\n","protected":false},"featured_media":993903,"comment_status":"open","ping_status":"closed","template":"","meta":[],"product_brand":[],"product_cat":[664],"product_tag":[],"class_list":{"0":"post-995677","1":"product","2":"type-product","3":"status-publish","4":"has-post-thumbnail","6":"product_cat-gouverneur-de-sur-vitesse","8":"first","9":"instock","10":"shipping-taxable","11":"product-type-simple","12":"prodpage-style2"},"_links":{"self":[{"href":"https:\/\/isfelevator.com\/fr\/wp-json\/wp\/v2\/product\/995677","targetHints":{"allow":["GET"]}}],"collection":[{"href":"https:\/\/isfelevator.com\/fr\/wp-json\/wp\/v2\/product"}],"about":[{"href":"https:\/\/isfelevator.com\/fr\/wp-json\/wp\/v2\/types\/product"}],"replies":[{"embeddable":true,"href":"https:\/\/isfelevator.com\/fr\/wp-json\/wp\/v2\/comments?post=995677"}],"wp:featuredmedia":[{"embeddable":true,"href":"https:\/\/isfelevator.com\/fr\/wp-json\/wp\/v2\/media\/993903"}],"wp:attachment":[{"href":"https:\/\/isfelevator.com\/fr\/wp-json\/wp\/v2\/media?parent=995677"}],"wp:term":[{"taxonomy":"product_brand","embeddable":true,"href":"https:\/\/isfelevator.com\/fr\/wp-json\/wp\/v2\/product_brand?post=995677"},{"taxonomy":"product_cat","embeddable":true,"href":"https:\/\/isfelevator.com\/fr\/wp-json\/wp\/v2\/product_cat?post=995677"},{"taxonomy":"product_tag","embeddable":true,"href":"https:\/\/isfelevator.com\/fr\/wp-json\/wp\/v2\/product_tag?post=995677"}],"curies":[{"name":"wp","href":"https:\/\/api.w.org\/{rel}","templated":true}]}}