{"id":995664,"date":"2023-02-24T13:08:58","date_gmt":"2023-02-24T13:08:58","guid":{"rendered":"https:\/\/isfelevator.com\/product\/braking-resistors\/"},"modified":"2023-02-25T16:19:58","modified_gmt":"2023-02-25T16:19:58","slug":"resistances-de-freinage","status":"publish","type":"product","link":"https:\/\/isfelevator.com\/fr\/product\/resistances-de-freinage\/","title":{"rendered":"R\u00e9sistances de freinage"},"content":{"rendered":"<p><strong>R\u00e9sistances de freinage<\/strong><\/p>\n<p>La <strong>r\u00e9sistance de freinage<\/strong> de l&rsquo;ascenseur est l&rsquo;un des \u00e9l\u00e9ments essentiels de la <strong>s\u00e9curit\u00e9 de l&rsquo;ascenseur<\/strong>. Vivre dans des b\u00e2timents modernes est devenu possible gr\u00e2ce aux ascenseurs modernes et les ascenseurs modernes sont possibles si les gens peuvent les utiliser en toute s\u00e9curit\u00e9. Le principal probl\u00e8me est de pouvoir arr\u00eater une cabine d&rsquo;ascenseur en toute s\u00e9curit\u00e9, surtout en cas de descente. C&rsquo;est l\u00e0 que nous avons besoin de r\u00e9sistances de freinage.<\/p>\n<p>Selon la physique de base, lorsqu&rsquo;un moteur \u00e9lectrique ou un syst\u00e8me m\u00e9canique d\u00e9c\u00e9l\u00e8re, le syst\u00e8me se transforme en une sorte de g\u00e9n\u00e9rateur qui produit une quantit\u00e9 importante d&rsquo;\u00e9nergie \u00e9lectrique. Cela peut \u00eatre dangereux, c&rsquo;est pourquoi nous utilisons des r\u00e9sistances pour consommer cette puissance et dissiper la chaleur. Une <strong>r\u00e9sistance de freinage dynamique<\/strong>\u00a0arr\u00eate ou ralentit rapidement la cabine de l&rsquo;ascenseur en cr\u00e9ant une force de freinage. Il existe des r\u00e9sistances ohmiques variables selon les projets qui peuvent aider les moteurs \u00e0 s&rsquo;arr\u00eater et cr\u00e9er plus de chaleur.<\/p>\n<p>En tant qu&rsquo;ISF Elevator, nous savons <strong>comment s\u00e9lectionner les r\u00e9sistances de freinage pour les VFD<\/strong> (variateurs de fr\u00e9quence) en concevant <strong>le calcul de la r\u00e9sistance de freinage<\/strong>. Les types de r\u00e9sistances g\u00e9n\u00e9rales sont les suivants ;<\/p>\n<ul>\n<li>\n<h4 class=\"cbox02A-01 ff-hd-06 productName\">R\u00e9sistances de freinage 10 OHM 1000W<\/h4>\n<\/li>\n<li>\n<h4 class=\"cbox02A-01 ff-hd-06 productName\">R\u00e9sistances de freinage 18 OHM 1000W<\/h4>\n<\/li>\n<li>\n<h4 class=\"cbox02A-01 ff-hd-06 productName\">R\u00e9sistances de freinage 25 OHM 1000W<\/h4>\n<\/li>\n<li>\n<h4 class=\"cbox02A-01 ff-hd-06 productName\">R\u00e9sistances de freinage 40 OHM 1000W<\/h4>\n<\/li>\n<li>\n<h4 class=\"cbox02A-01 ff-hd-06 productName\">R\u00e9sistances de freinage 50 OHM 1000W<\/h4>\n<\/li>\n<\/ul>\n","protected":false},"excerpt":{"rendered":"<h4 class=\"cbox02A-01 ff-hd-06 productName\">10, 18, 25, 40 et 50 OHM 1000W R\u00e9sistances de freinage<\/h4>\n","protected":false},"featured_media":994017,"comment_status":"open","ping_status":"closed","template":"","meta":[],"product_brand":[],"product_cat":[682,688],"product_tag":[],"class_list":{"0":"post-995664","1":"product","2":"type-product","3":"status-publish","4":"has-post-thumbnail","6":"product_cat-controleurs-dascenseur","7":"product_cat-unites-auxiliaires","9":"first","10":"instock","11":"shipping-taxable","12":"product-type-simple","13":"prodpage-style2"},"_links":{"self":[{"href":"https:\/\/isfelevator.com\/fr\/wp-json\/wp\/v2\/product\/995664","targetHints":{"allow":["GET"]}}],"collection":[{"href":"https:\/\/isfelevator.com\/fr\/wp-json\/wp\/v2\/product"}],"about":[{"href":"https:\/\/isfelevator.com\/fr\/wp-json\/wp\/v2\/types\/product"}],"replies":[{"embeddable":true,"href":"https:\/\/isfelevator.com\/fr\/wp-json\/wp\/v2\/comments?post=995664"}],"wp:featuredmedia":[{"embeddable":true,"href":"https:\/\/isfelevator.com\/fr\/wp-json\/wp\/v2\/media\/994017"}],"wp:attachment":[{"href":"https:\/\/isfelevator.com\/fr\/wp-json\/wp\/v2\/media?parent=995664"}],"wp:term":[{"taxonomy":"product_brand","embeddable":true,"href":"https:\/\/isfelevator.com\/fr\/wp-json\/wp\/v2\/product_brand?post=995664"},{"taxonomy":"product_cat","embeddable":true,"href":"https:\/\/isfelevator.com\/fr\/wp-json\/wp\/v2\/product_cat?post=995664"},{"taxonomy":"product_tag","embeddable":true,"href":"https:\/\/isfelevator.com\/fr\/wp-json\/wp\/v2\/product_tag?post=995664"}],"curies":[{"name":"wp","href":"https:\/\/api.w.org\/{rel}","templated":true}]}}