{"id":995655,"date":"2023-02-24T13:08:58","date_gmt":"2023-02-24T13:08:58","guid":{"rendered":"https:\/\/isfelevator.com\/product\/emc-30a-emc-50a-filters\/"},"modified":"2023-02-25T16:03:32","modified_gmt":"2023-02-25T16:03:32","slug":"filtres-cem-30a-et-cem-50a","status":"publish","type":"product","link":"https:\/\/isfelevator.com\/fr\/product\/filtres-cem-30a-et-cem-50a\/","title":{"rendered":"Filtres CEM 30A et CEM 50A"},"content":{"rendered":"<h4><span style=\"vertical-align: inherit;\">Filtres CEM 30A et CEM 50A<\/span><\/h4>\n<p class=\"cbox02A-01 ff-hd-06 productName\"><strong><span style=\"vertical-align: inherit;\">Qu&rsquo;est-ce qu&rsquo;un filtre CEM<\/span><\/strong><span style=\"vertical-align: inherit;\"> ? <\/span><strong><span style=\"vertical-align: inherit;\">Comment fonctionne un filtre CEM<\/span><\/strong><span style=\"vertical-align: inherit;\"> ? Nous parlerons d&rsquo;abord du produit.<\/span><\/p>\n<p class=\"cbox02A-01 ff-hd-06 productName\"><span style=\"vertical-align: inherit;\">Les filtres CEM ou <\/span><strong><span style=\"vertical-align: inherit;\">de compatibilit\u00e9 \u00e9lectromagn\u00e9tique<\/span><\/strong><span style=\"vertical-align: inherit;\"> sont utilis\u00e9s pour r\u00e9duire les \u00e9ventuels bruits \u00e9lectromagn\u00e9tiques pouvant se produire entre les variateurs et l&rsquo;alimentation principale. C&rsquo;est une sorte d&rsquo;assurance pour fournir des moteurs \u00e9lectriques dans des syst\u00e8mes compliqu\u00e9s qui fonctionnent correctement. En interf\u00e9rant avec le bruit \u00e0 l&rsquo;entr\u00e9e du syst\u00e8me, le bruit sera abaiss\u00e9 au niveau minimum et le syst\u00e8me fonctionnera parfaitement.<\/span><\/p>\n<p><span style=\"vertical-align: inherit;\">G\u00e9n\u00e9ralement, il existe des filtres CEM standard comme 30A ou 50A. Mais il est possible de fournir des produits sp\u00e9cialis\u00e9s pour qu&rsquo;un niveau de filtrage sup\u00e9rieur soit requis ou souhait\u00e9. Chez ISF Elevator, nous fournissons des filtres de qualit\u00e9 sup\u00e9rieure qui s&rsquo;adapteront parfaitement \u00e0 vos projets.<\/span><\/p>\n","protected":false},"excerpt":{"rendered":"<h4 class=\"cbox02A-01 ff-hd-06 productName\"><span style=\"vertical-align: inherit;\">CEM 30A et CEM 50A<\/span><\/h4>\n","protected":false},"featured_media":994005,"comment_status":"open","ping_status":"closed","template":"","meta":[],"product_brand":[],"product_cat":[682,688],"product_tag":[],"class_list":{"0":"post-995655","1":"product","2":"type-product","3":"status-publish","4":"has-post-thumbnail","6":"product_cat-controleurs-dascenseur","7":"product_cat-unites-auxiliaires","9":"first","10":"instock","11":"shipping-taxable","12":"product-type-simple","13":"prodpage-style2"},"_links":{"self":[{"href":"https:\/\/isfelevator.com\/fr\/wp-json\/wp\/v2\/product\/995655","targetHints":{"allow":["GET"]}}],"collection":[{"href":"https:\/\/isfelevator.com\/fr\/wp-json\/wp\/v2\/product"}],"about":[{"href":"https:\/\/isfelevator.com\/fr\/wp-json\/wp\/v2\/types\/product"}],"replies":[{"embeddable":true,"href":"https:\/\/isfelevator.com\/fr\/wp-json\/wp\/v2\/comments?post=995655"}],"wp:featuredmedia":[{"embeddable":true,"href":"https:\/\/isfelevator.com\/fr\/wp-json\/wp\/v2\/media\/994005"}],"wp:attachment":[{"href":"https:\/\/isfelevator.com\/fr\/wp-json\/wp\/v2\/media?parent=995655"}],"wp:term":[{"taxonomy":"product_brand","embeddable":true,"href":"https:\/\/isfelevator.com\/fr\/wp-json\/wp\/v2\/product_brand?post=995655"},{"taxonomy":"product_cat","embeddable":true,"href":"https:\/\/isfelevator.com\/fr\/wp-json\/wp\/v2\/product_cat?post=995655"},{"taxonomy":"product_tag","embeddable":true,"href":"https:\/\/isfelevator.com\/fr\/wp-json\/wp\/v2\/product_tag?post=995655"}],"curies":[{"name":"wp","href":"https:\/\/api.w.org\/{rel}","templated":true}]}}