{"id":995642,"date":"2023-02-24T13:08:58","date_gmt":"2023-02-24T13:08:58","guid":{"rendered":"https:\/\/isfelevator.com\/product\/ac-entrance-line-reactor\/"},"modified":"2023-02-25T15:51:12","modified_gmt":"2023-02-25T15:51:12","slug":"reacteur-de-ligne-dentree-ac","status":"publish","type":"product","link":"https:\/\/isfelevator.com\/fr\/product\/reacteur-de-ligne-dentree-ac\/","title":{"rendered":"R\u00e9acteur de ligne d&rsquo;entr\u00e9e AC"},"content":{"rendered":"<h4><span style=\"vertical-align: inherit;\">R\u00e9acteur de ligne d&rsquo;entr\u00e9e AC<\/span><\/h4>\n<h5><span style=\"vertical-align: inherit;\">Qu&rsquo;est-ce qu&rsquo;un r\u00e9acteur de ligne<\/span><\/h5>\n<p><strong><span style=\"vertical-align: inherit;\">La r\u00e9actance de ligne<\/span><\/strong><span style=\"vertical-align: inherit;\"> est utilis\u00e9e pour r\u00e9guler la forme d&rsquo;onde de l&rsquo;unit\u00e9 d&rsquo;ascenseur. Ces formes d&rsquo;onde prot\u00e8gent les variateurs des d\u00e9clenchements de ligne ou d&rsquo;autres dommages possibles en stabilisant les surtensions ou les sous-tensions. En outre, il est tr\u00e8s utile pour prot\u00e9ger le variateur en cas de court-circuit du moteur.<\/span><\/p>\n<p><span style=\"vertical-align: inherit;\">Alors, <\/span><strong><span style=\"vertical-align: inherit;\">\u00e0 quoi sert un r\u00e9acteur de ligne d&rsquo;entr\u00e9e AC<\/span><\/strong><span style=\"vertical-align: inherit;\">\u00a0? Comme nous l&rsquo;avons dit, il s&rsquo;agit d&rsquo;un syst\u00e8me de garantie en cas de court-circuit. Lorsque le transformateur d&rsquo;alimentation est plus haut que le variateur, l&rsquo;utilisation d&rsquo;une self de ligne est g\u00e9n\u00e9ralement souhaitable.<\/span><\/p>\n<p><span style=\"vertical-align: inherit;\">En tant qu&rsquo;ascenseur ISF, nos types de r\u00e9acteurs de ligne sont les suivants\u00a0;<\/span><\/p>\n<h4 class=\"cbox02A-01 ff-hd-06 productName\"><span style=\"vertical-align: inherit;\">Inductance de ligne triphas\u00e9e 14A<\/span><\/h4>\n<h4 class=\"cbox02A-01 ff-hd-06 productName\"><span style=\"vertical-align: inherit;\">Inductance de ligne triphas\u00e9e 17A<\/span><\/h4>\n<h4 class=\"cbox02A-01 ff-hd-06 productName\"><span style=\"vertical-align: inherit;\">Inductance de ligne triphas\u00e9e 26A<\/span><\/h4>\n<h4 class=\"cbox02A-01 ff-hd-06 productName\"><span style=\"vertical-align: inherit;\">Inductance de ligne triphas\u00e9e 35A<\/span><\/h4>\n<h4 class=\"cbox02A-01 ff-hd-06 productName\"><span style=\"vertical-align: inherit;\">Inductance de ligne triphas\u00e9e 50A<\/span><\/h4>\n<h4 class=\"cbox02A-01 ff-hd-06 productName\"><span style=\"vertical-align: inherit;\">Inductance de ligne triphas\u00e9e 75A<\/span><\/h4>\n","protected":false},"excerpt":{"rendered":"<h4 class=\"cbox02A-01 ff-hd-06 productName\"><span style=\"vertical-align: inherit;\">14A, 17A, 26A, 35A, 50A et 75A R\u00e9acteur de ligne triphas\u00e9<\/span><\/h4>\n","protected":false},"featured_media":993999,"comment_status":"open","ping_status":"closed","template":"","meta":[],"product_brand":[],"product_cat":[682,688],"product_tag":[],"class_list":{"0":"post-995642","1":"product","2":"type-product","3":"status-publish","4":"has-post-thumbnail","6":"product_cat-controleurs-dascenseur","7":"product_cat-unites-auxiliaires","9":"first","10":"instock","11":"shipping-taxable","12":"product-type-simple","13":"prodpage-style2"},"_links":{"self":[{"href":"https:\/\/isfelevator.com\/fr\/wp-json\/wp\/v2\/product\/995642","targetHints":{"allow":["GET"]}}],"collection":[{"href":"https:\/\/isfelevator.com\/fr\/wp-json\/wp\/v2\/product"}],"about":[{"href":"https:\/\/isfelevator.com\/fr\/wp-json\/wp\/v2\/types\/product"}],"replies":[{"embeddable":true,"href":"https:\/\/isfelevator.com\/fr\/wp-json\/wp\/v2\/comments?post=995642"}],"wp:featuredmedia":[{"embeddable":true,"href":"https:\/\/isfelevator.com\/fr\/wp-json\/wp\/v2\/media\/993999"}],"wp:attachment":[{"href":"https:\/\/isfelevator.com\/fr\/wp-json\/wp\/v2\/media?parent=995642"}],"wp:term":[{"taxonomy":"product_brand","embeddable":true,"href":"https:\/\/isfelevator.com\/fr\/wp-json\/wp\/v2\/product_brand?post=995642"},{"taxonomy":"product_cat","embeddable":true,"href":"https:\/\/isfelevator.com\/fr\/wp-json\/wp\/v2\/product_cat?post=995642"},{"taxonomy":"product_tag","embeddable":true,"href":"https:\/\/isfelevator.com\/fr\/wp-json\/wp\/v2\/product_tag?post=995642"}],"curies":[{"name":"wp","href":"https:\/\/api.w.org\/{rel}","templated":true}]}}