{"id":995621,"date":"2023-02-24T13:08:58","date_gmt":"2023-02-24T13:08:58","guid":{"rendered":"https:\/\/isfelevator.com\/product\/km-30s-door-control-boards\/"},"modified":"2023-02-25T15:36:26","modified_gmt":"2023-02-25T15:36:26","slug":"tableaux-de-commande-de-porte-km-30s","status":"publish","type":"product","link":"https:\/\/isfelevator.com\/fr\/product\/tableaux-de-commande-de-porte-km-30s\/","title":{"rendered":"Tableaux de commande de porte KM-30S"},"content":{"rendered":"<p><strong><span style=\"vertical-align: inherit;\">Tableaux de commande de porte KM-30S.<\/span><\/strong><\/p>\n<p><strong><span class=\"blueHeaderA\"><span style=\"vertical-align: inherit;\">S\u00e9rieux et Irr\u00e9gulier<\/span><\/span><\/strong><\/p>\n<p><span style=\"vertical-align: inherit;\">Le logiciel avanc\u00e9 adoucit le S dans les rampes de navigation et permet des mouvements fluides mais fluides des mouvements de porte sans algorithme sans interrupteur de limite<\/span><\/p>\n<p><strong><span class=\"blueHeaderA\"><span style=\"vertical-align: inherit;\">Aucun interrupteur de fin de course requis<\/span><\/span><\/strong><\/p>\n<p><span style=\"vertical-align: inherit;\">L&rsquo;op\u00e9rateur de porte n&rsquo;a pas besoin d&rsquo;interrupteur de fin de course pour fonctionner. Les cartes de commande de porte KM-30S sont tr\u00e8s utiles sur la largeur de la porte, les positions d&rsquo;ouverture et de fermeture de la porte sont d\u00e9tect\u00e9es automatiquement<\/span><\/p>\n<p><span style=\"vertical-align: inherit;\">Lorsque la porte est bloqu\u00e9e, le buzzer est r\u00e9activ\u00e9. Le brouillage est pass\u00e9 lentement \u00e0 travers la zone per\u00e7ue pour \u00e9viter d&rsquo;endommager les passagers et la porte<\/span><\/p>\n<p><strong><span class=\"blueHeaderA\"><span style=\"vertical-align: inherit;\">D\u00e9l\u00e9gation<\/span><\/span><\/strong><\/p>\n<p><span style=\"vertical-align: inherit;\">En termes de s\u00e9curit\u00e9, de besoins n\u00e9cessaires et de facilit\u00e9 d&rsquo;installation, l&rsquo;acc\u00e8s au menu a \u00e9t\u00e9 autoris\u00e9. Diff\u00e9rents niveaux d&rsquo;autorit\u00e9 ont \u00e9t\u00e9 attribu\u00e9s pour acc\u00e9der au menu : niveau producteur, niveau de base et niveau restreint<\/span><\/p>\n<p><strong><span class=\"blueHeaderA\"><span style=\"vertical-align: inherit;\">Capacit\u00e9 de param\u00e8tres \u00e9tendue<\/span><\/span><\/strong><\/p>\n<p><span style=\"vertical-align: inherit;\">Pour les fabricants, des param\u00e8tres tels que le rapport de r\u00e9duction du moteur, les r\u00e9volutions du moteur, la circonf\u00e9rence de la poulie motrice, la zone d&rsquo;ouverture de la cuill\u00e8re, etc. peuvent \u00eatre saisis pour une flexibilit\u00e9 d&rsquo;application<\/span><\/p>\n","protected":false},"excerpt":{"rendered":"<ul>\n<li><span style=\"vertical-align: inherit;\"><span style=\"vertical-align: inherit;\">Porte compl\u00e8tement ouverte \/ compl\u00e8tement ferm\u00e9e<\/span><\/span><\/li>\n<li><span style=\"vertical-align: inherit;\"><span style=\"vertical-align: inherit;\">Blocage porte ou sortie active cellule photo\u00e9lectrique<\/span><\/span><\/li>\n<li><span style=\"vertical-align: inherit;\"><span style=\"vertical-align: inherit;\">Sortie contact relais. <\/span><span style=\"vertical-align: inherit;\">Pour 3A, 250VAC ou 30VDC<\/span><\/span><\/li>\n<li><span style=\"vertical-align: inherit;\"><span style=\"vertical-align: inherit;\">Signal d&rsquo;ouverture\/fermeture de porte<\/span><\/span><\/li>\n<li><span style=\"vertical-align: inherit;\"><span style=\"vertical-align: inherit;\">Signal lent \/ signal rapide<\/span><\/span><\/li>\n<li><span style=\"vertical-align: inherit;\"><span style=\"vertical-align: inherit;\">Signal de cellule photo\u00e9lectrique<\/span><\/span><\/li>\n<li><span style=\"vertical-align: inherit;\"><span style=\"vertical-align: inherit;\">Signal de masse<\/span><\/span><\/li>\n<li><span style=\"vertical-align: inherit;\"><span style=\"vertical-align: inherit;\">La carte de porte KM-30S convient aux portes d&rsquo;ascenseur coupe-feu<\/span><\/span><\/li>\n<li><span style=\"vertical-align: inherit;\"><span style=\"vertical-align: inherit;\">Avec l&rsquo;entr\u00e9e du signal de vitesse lente, le signal de la cellule photo\u00e9lectrique est bloqu\u00e9 en cas de coupure de la cellule photo\u00e9lectrique de longue dur\u00e9e et les portes sont ferm\u00e9es \u00e0 vitesse lente (mode Nudging)<\/span><\/span><\/li>\n<li><span style=\"vertical-align: inherit;\"><span style=\"vertical-align: inherit;\">Vitesse de la porte, position de la porte et \u00e9tat de fonctionnement en fonctionnement normal, et erreur en cas de fonctionnement normal<\/span><\/span><\/li>\n<\/ul>\n","protected":false},"featured_media":993987,"comment_status":"open","ping_status":"closed","template":"","meta":[],"product_brand":[],"product_cat":[682,772],"product_tag":[],"class_list":{"0":"post-995621","1":"product","2":"type-product","3":"status-publish","4":"has-post-thumbnail","6":"product_cat-controleurs-dascenseur","7":"product_cat-controleurs-de-porte","9":"first","10":"instock","11":"shipping-taxable","12":"product-type-simple","13":"prodpage-style2"},"_links":{"self":[{"href":"https:\/\/isfelevator.com\/fr\/wp-json\/wp\/v2\/product\/995621","targetHints":{"allow":["GET"]}}],"collection":[{"href":"https:\/\/isfelevator.com\/fr\/wp-json\/wp\/v2\/product"}],"about":[{"href":"https:\/\/isfelevator.com\/fr\/wp-json\/wp\/v2\/types\/product"}],"replies":[{"embeddable":true,"href":"https:\/\/isfelevator.com\/fr\/wp-json\/wp\/v2\/comments?post=995621"}],"wp:featuredmedia":[{"embeddable":true,"href":"https:\/\/isfelevator.com\/fr\/wp-json\/wp\/v2\/media\/993987"}],"wp:attachment":[{"href":"https:\/\/isfelevator.com\/fr\/wp-json\/wp\/v2\/media?parent=995621"}],"wp:term":[{"taxonomy":"product_brand","embeddable":true,"href":"https:\/\/isfelevator.com\/fr\/wp-json\/wp\/v2\/product_brand?post=995621"},{"taxonomy":"product_cat","embeddable":true,"href":"https:\/\/isfelevator.com\/fr\/wp-json\/wp\/v2\/product_cat?post=995621"},{"taxonomy":"product_tag","embeddable":true,"href":"https:\/\/isfelevator.com\/fr\/wp-json\/wp\/v2\/product_tag?post=995621"}],"curies":[{"name":"wp","href":"https:\/\/api.w.org\/{rel}","templated":true}]}}