{"id":994562,"date":"2023-02-24T13:08:58","date_gmt":"2023-02-24T13:08:58","guid":{"rendered":"https:\/\/isfelevator.com\/product\/wheelchair-lift\/"},"modified":"2023-02-24T20:14:49","modified_gmt":"2023-02-24T20:14:49","slug":"ascenseur-pour-fauteuil-roulant","status":"publish","type":"product","link":"https:\/\/isfelevator.com\/fr\/product\/ascenseur-pour-fauteuil-roulant\/","title":{"rendered":"Ascenseur pour fauteuil roulant"},"content":{"rendered":"<p><strong><span style=\"vertical-align: inherit;\">Ascenseur pour fauteuil roulant<\/span><\/strong><\/p>\n<p><span style=\"vertical-align: inherit;\">La plate-forme \u00e9l\u00e9vatrice pour fauteuils roulants peut \u00eatre utilis\u00e9e pour des applications domestiques ou commerciales pour permettre l&rsquo;acc\u00e8s au-dessus des escaliers.<\/span><\/p>\n<p><span style=\"vertical-align: inherit;\">Vitesse : 0,12 m\/s. <\/span><br \/>\n<span style=\"vertical-align: inherit;\">D\u00e9marrage et arr\u00eat en douceur <\/span><br \/>\n<span style=\"vertical-align: inherit;\">Capacit\u00e9 de charge : 250 kg. <\/span><br \/>\n<span style=\"vertical-align: inherit;\">Tension : 230V 50Hz 13A <\/span><br \/>\n<span style=\"vertical-align: inherit;\">Inclinaison jusqu&rsquo;\u00e0 45 degr\u00e9s <\/span><br \/>\n<span style=\"vertical-align: inherit;\">Alimentation : 220V, 50Hz <\/span><br \/>\n<span style=\"vertical-align: inherit;\">Taille de la plate-forme : 900&#215;1000 mm <\/span><br \/>\n<span style=\"vertical-align: inherit;\">T\u00e9l\u00e9commande et panneau de commande<\/span><\/p>\n","protected":false},"excerpt":{"rendered":"<p><strong><span style=\"vertical-align: inherit;\">Ascenseur pour fauteuil roulant<\/span><\/strong><\/p>\n<p><span style=\"vertical-align: inherit;\">La plate-forme \u00e9l\u00e9vatrice Wheelcahair peut \u00eatre utilis\u00e9e pour des applications domestiques ou commerciales pour fournir un acc\u00e8s par-dessus les escaliers.<\/span><\/p>\n","protected":false},"featured_media":993927,"comment_status":"open","ping_status":"closed","template":"","meta":[],"product_brand":[],"product_cat":[670],"product_tag":[],"class_list":{"0":"post-994562","1":"product","2":"type-product","3":"status-publish","4":"has-post-thumbnail","6":"product_cat-ascenseur-pour-personnes-handicapees","8":"first","9":"instock","10":"shipping-taxable","11":"product-type-simple","12":"prodpage-style2"},"_links":{"self":[{"href":"https:\/\/isfelevator.com\/fr\/wp-json\/wp\/v2\/product\/994562","targetHints":{"allow":["GET"]}}],"collection":[{"href":"https:\/\/isfelevator.com\/fr\/wp-json\/wp\/v2\/product"}],"about":[{"href":"https:\/\/isfelevator.com\/fr\/wp-json\/wp\/v2\/types\/product"}],"replies":[{"embeddable":true,"href":"https:\/\/isfelevator.com\/fr\/wp-json\/wp\/v2\/comments?post=994562"}],"wp:featuredmedia":[{"embeddable":true,"href":"https:\/\/isfelevator.com\/fr\/wp-json\/wp\/v2\/media\/993927"}],"wp:attachment":[{"href":"https:\/\/isfelevator.com\/fr\/wp-json\/wp\/v2\/media?parent=994562"}],"wp:term":[{"taxonomy":"product_brand","embeddable":true,"href":"https:\/\/isfelevator.com\/fr\/wp-json\/wp\/v2\/product_brand?post=994562"},{"taxonomy":"product_cat","embeddable":true,"href":"https:\/\/isfelevator.com\/fr\/wp-json\/wp\/v2\/product_cat?post=994562"},{"taxonomy":"product_tag","embeddable":true,"href":"https:\/\/isfelevator.com\/fr\/wp-json\/wp\/v2\/product_tag?post=994562"}],"curies":[{"name":"wp","href":"https:\/\/api.w.org\/{rel}","templated":true}]}}