{"id":994550,"date":"2023-02-24T13:08:59","date_gmt":"2023-02-24T13:08:59","guid":{"rendered":"https:\/\/isfelevator.com\/product\/counter-weight-frames\/"},"modified":"2023-02-24T20:02:52","modified_gmt":"2023-02-24T20:02:52","slug":"cadres-a-contrepoids","status":"publish","type":"product","link":"https:\/\/isfelevator.com\/fr\/product\/cadres-a-contrepoids\/","title":{"rendered":"Cadres \u00e0 contrepoids"},"content":{"rendered":"<p><strong>Cadres de contrepoids pour ascenseurs<\/strong><\/p>\n<p><strong>Le contrepoids d&rsquo;ascenseur<\/strong> est un \u00e9l\u00e9ment tr\u00e8s important des ascenseurs afin de fournir plus de s\u00e9curit\u00e9 et plus d&rsquo;efficacit\u00e9. Le principe est tr\u00e8s simple. Les ascenseurs sont des cabines modernes qui transportent des personnes et des marchandises vers le haut et vers le bas. Et nous avons besoin de puissance ou d&rsquo;\u00e9nergie pour r\u00e9aliser ce processus. Ainsi, si nous utilisons l&rsquo;aide d&rsquo;un contrepoids sur le syst\u00e8me d&rsquo;ascenseur, nous aurons besoin de moins d&rsquo;\u00e9nergie pour hisser la charge. Et, gr\u00e2ce au principe de fonctionnement traditionnel des poulies, l&rsquo;utilisation des ascenseurs sera plus efficace.<\/p>\n<p>Donc, <strong>qu&rsquo;est-ce que le contrepoids dans l&rsquo;ascenseur<\/strong>\u00a0et le cadre ? Il est \u00e9vident que nous ne pouvons pas utiliser un <strong>mat\u00e9riel de contrepoids d&rsquo;ascenseur<\/strong>\u00a0directement fix\u00e9 au syst\u00e8me. Nous avons besoin d&rsquo;un syst\u00e8me sp\u00e9cial pour utiliser cet avantage en toute s\u00e9curit\u00e9, que l&rsquo;on appelle un <strong>cadre de contrepoids d&rsquo;ascenseur<\/strong>.<\/p>\n<p>Aujourd&rsquo;hui, apr\u00e8s toutes ces ann\u00e9es de d\u00e9veloppement, les mod\u00e8les de contrepoids les plus efficaces sont fix\u00e9s aux syst\u00e8mes d&rsquo;ascenseurs. En tant qu&rsquo;ISF Elevator Company, nous fournissons \u00e0 nos clients des cadres de contrepoids d&rsquo;ascenseur de haute qualit\u00e9. Nos cadres sont faciles \u00e0 installer et ont une gamme de 1:1 et 2:1.<\/p>\n<p>&nbsp;<\/p>\n","protected":false},"excerpt":{"rendered":"<p>Cadres \u00e0 contrepoids avec installation facile. Encerclement 1:1 et 2:1.<\/p>\n","protected":false},"featured_media":994035,"comment_status":"open","ping_status":"closed","template":"","meta":[],"product_brand":[],"product_cat":[676],"product_tag":[],"class_list":{"0":"post-994550","1":"product","2":"type-product","3":"status-publish","4":"has-post-thumbnail","6":"product_cat-cabines-dascenseur","8":"first","9":"instock","10":"shipping-taxable","11":"product-type-simple","12":"prodpage-style2"},"_links":{"self":[{"href":"https:\/\/isfelevator.com\/fr\/wp-json\/wp\/v2\/product\/994550","targetHints":{"allow":["GET"]}}],"collection":[{"href":"https:\/\/isfelevator.com\/fr\/wp-json\/wp\/v2\/product"}],"about":[{"href":"https:\/\/isfelevator.com\/fr\/wp-json\/wp\/v2\/types\/product"}],"replies":[{"embeddable":true,"href":"https:\/\/isfelevator.com\/fr\/wp-json\/wp\/v2\/comments?post=994550"}],"wp:featuredmedia":[{"embeddable":true,"href":"https:\/\/isfelevator.com\/fr\/wp-json\/wp\/v2\/media\/994035"}],"wp:attachment":[{"href":"https:\/\/isfelevator.com\/fr\/wp-json\/wp\/v2\/media?parent=994550"}],"wp:term":[{"taxonomy":"product_brand","embeddable":true,"href":"https:\/\/isfelevator.com\/fr\/wp-json\/wp\/v2\/product_brand?post=994550"},{"taxonomy":"product_cat","embeddable":true,"href":"https:\/\/isfelevator.com\/fr\/wp-json\/wp\/v2\/product_cat?post=994550"},{"taxonomy":"product_tag","embeddable":true,"href":"https:\/\/isfelevator.com\/fr\/wp-json\/wp\/v2\/product_tag?post=994550"}],"curies":[{"name":"wp","href":"https:\/\/api.w.org\/{rel}","templated":true}]}}