{"id":994538,"date":"2023-02-24T13:08:59","date_gmt":"2023-02-24T13:08:59","guid":{"rendered":"https:\/\/isfelevator.com\/product\/folding-doors-d-w-types\/"},"modified":"2023-02-24T19:43:23","modified_gmt":"2023-02-24T19:43:23","slug":"portes-pliantes-types-d-et-w","status":"publish","type":"product","link":"https:\/\/isfelevator.com\/fr\/product\/portes-pliantes-types-d-et-w\/","title":{"rendered":"Portes pliantes (types D et W)"},"content":{"rendered":"<h4>Portes pliantes (types D et W)<\/h4>\n<p>Une porte pliante est une excellente solution lorsque l&rsquo;espace est limit\u00e9 dans la cabine de votre ascenseur. Nous les rencontrons surtout dans les ascenseurs de technologie ancienne o\u00f9 les portes int\u00e9rieures n&rsquo;\u00e9taient pas tr\u00e8s cr\u00e9dit\u00e9es. La meilleure fa\u00e7on d&rsquo;ajouter une porte int\u00e9rieure et d&rsquo;assurer la s\u00e9curit\u00e9 dans ces ascenseurs est de pr\u00e9f\u00e9rer <strong>les portes pliantes<\/strong> (types D et W). <strong>Les portes pliantes<\/strong> sont tr\u00e8s faciles \u00e0 installer et offrent le niveau de s\u00e9curit\u00e9 requis par la r\u00e9glementation. Il existe diff\u00e9rents types comme les formes D ou W. En tant qu&rsquo;ISF, nous pouvons concevoir et trouver les portes pliantes les plus appropri\u00e9es pour vos projets.<\/p>\n<p><strong>SP\u00c9CIFICATIONS TECHNIQUES<\/strong><br \/>\n&#8211; Moteur \u00e0 brosse 24 V DC<br \/>\n&#8211; Contr\u00f4le \u00e9lectronique du blocage<br \/>\n&#8211; Contr\u00f4le de l&rsquo;accumulateur et de la cellule photo\u00e9lectrique<br \/>\n&#8211; Possibilit\u00e9 de fonctionnement avec 220 V AC et LIR<br \/>\n&#8211; Possibilit\u00e9 de fonctionnement avec un seul (signal de fermeture)<br \/>\n&#8211; R\u00e9glage du court-circuit comme NO\/NC<br \/>\n&#8211; Option seuil en acier inoxydable<br \/>\n&#8211; Option panneau en verre<br \/>\n&#8211; Espace d&rsquo;installation et espace d&rsquo;entr\u00e9e net (mm)<br \/>\n(650-575) \/ (700-625) \/ (750-675) \/&#8230;..\/ (950-875)<\/p>\n","protected":false},"excerpt":{"rendered":"<p>Portes pliantes (types D et W) Une porte pliante est une excellente solution lorsque l&rsquo;espace est limit\u00e9 dans la cabine de votre ascenseur. Nous les rencontrons surtout dans les ascenseurs de technologie ancienne o\u00f9 les portes int\u00e9rieures n&rsquo;\u00e9taient pas tr\u00e8s cr\u00e9dit\u00e9es. La meilleure fa\u00e7on d&rsquo;ajouter une porte int\u00e9rieure et d&rsquo;assurer la s\u00e9curit\u00e9 dans ces ascenseurs<\/p>\n","protected":false},"featured_media":994023,"comment_status":"open","ping_status":"closed","template":"","meta":[],"product_brand":[],"product_cat":[766],"product_tag":[],"class_list":{"0":"post-994538","1":"product","2":"type-product","3":"status-publish","4":"has-post-thumbnail","6":"product_cat-portes-dascenseur","8":"first","9":"instock","10":"shipping-taxable","11":"product-type-simple","12":"prodpage-style2"},"_links":{"self":[{"href":"https:\/\/isfelevator.com\/fr\/wp-json\/wp\/v2\/product\/994538","targetHints":{"allow":["GET"]}}],"collection":[{"href":"https:\/\/isfelevator.com\/fr\/wp-json\/wp\/v2\/product"}],"about":[{"href":"https:\/\/isfelevator.com\/fr\/wp-json\/wp\/v2\/types\/product"}],"replies":[{"embeddable":true,"href":"https:\/\/isfelevator.com\/fr\/wp-json\/wp\/v2\/comments?post=994538"}],"wp:featuredmedia":[{"embeddable":true,"href":"https:\/\/isfelevator.com\/fr\/wp-json\/wp\/v2\/media\/994023"}],"wp:attachment":[{"href":"https:\/\/isfelevator.com\/fr\/wp-json\/wp\/v2\/media?parent=994538"}],"wp:term":[{"taxonomy":"product_brand","embeddable":true,"href":"https:\/\/isfelevator.com\/fr\/wp-json\/wp\/v2\/product_brand?post=994538"},{"taxonomy":"product_cat","embeddable":true,"href":"https:\/\/isfelevator.com\/fr\/wp-json\/wp\/v2\/product_cat?post=994538"},{"taxonomy":"product_tag","embeddable":true,"href":"https:\/\/isfelevator.com\/fr\/wp-json\/wp\/v2\/product_tag?post=994538"}],"curies":[{"name":"wp","href":"https:\/\/api.w.org\/{rel}","templated":true}]}}