{"id":994529,"date":"2023-02-24T13:09:23","date_gmt":"2023-02-24T13:09:23","guid":{"rendered":"https:\/\/isfelevator.com\/product\/callisto-c7l-cabin-operating-panel\/"},"modified":"2023-02-24T19:30:34","modified_gmt":"2023-02-24T19:30:34","slug":"callisto-c7l-cabin-operating-panel","status":"publish","type":"product","link":"https:\/\/isfelevator.com\/fr\/product\/callisto-c7l-cabin-operating-panel\/","title":{"rendered":"Callisto &#8211; Panneau de commande de la cabine C7L"},"content":{"rendered":"<p><strong>Callisto &#8211; Panneau de commande de la cabine C7L<\/strong><\/p>\n<ul>\n<li>Cadre en laiton moul\u00e9<\/li>\n<li>Jusqu&rsquo;\u00e0 9 boutons<\/li>\n<li>Feuille de laiton de 2 mm au milieu<\/li>\n<li>Peut \u00eatre utilis\u00e9 LCD, Dot-Matrix &amp; Fl\u00e8ches haut et bas<\/li>\n<li>165 x 470 mm<\/li>\n<li>9 mm d&rsquo;\u00e9paisseur<\/li>\n<li>Options de LED pour boutons blancs, rouges, jaunes, verts et bleus<\/li>\n<li>Antique patin\u00e9<\/li>\n<li>Montage en surface<\/li>\n<li>Plaque d&rsquo;acier murale ins\u00e9r\u00e9e \u00e0 l&rsquo;arri\u00e8re convenant au montage sur mur et panneau en pierre<\/li>\n<li>Boutons de finition en miroir dor\u00e9<\/li>\n<\/ul>\n","protected":false},"excerpt":{"rendered":"<p>Callisto &#8211; Panneau de commande de la cabine C7L<\/p>\n","protected":false},"featured_media":994137,"comment_status":"open","ping_status":"closed","template":"","meta":[],"product_brand":[],"product_cat":[808,832],"product_tag":[],"class_list":{"0":"post-994529","1":"product","2":"type-product","3":"status-publish","4":"has-post-thumbnail","6":"product_cat-elements-dascenseur","7":"product_cat-serie-vintage","9":"first","10":"instock","11":"shipping-taxable","12":"product-type-simple","13":"prodpage-style2"},"_links":{"self":[{"href":"https:\/\/isfelevator.com\/fr\/wp-json\/wp\/v2\/product\/994529","targetHints":{"allow":["GET"]}}],"collection":[{"href":"https:\/\/isfelevator.com\/fr\/wp-json\/wp\/v2\/product"}],"about":[{"href":"https:\/\/isfelevator.com\/fr\/wp-json\/wp\/v2\/types\/product"}],"replies":[{"embeddable":true,"href":"https:\/\/isfelevator.com\/fr\/wp-json\/wp\/v2\/comments?post=994529"}],"wp:featuredmedia":[{"embeddable":true,"href":"https:\/\/isfelevator.com\/fr\/wp-json\/wp\/v2\/media\/994137"}],"wp:attachment":[{"href":"https:\/\/isfelevator.com\/fr\/wp-json\/wp\/v2\/media?parent=994529"}],"wp:term":[{"taxonomy":"product_brand","embeddable":true,"href":"https:\/\/isfelevator.com\/fr\/wp-json\/wp\/v2\/product_brand?post=994529"},{"taxonomy":"product_cat","embeddable":true,"href":"https:\/\/isfelevator.com\/fr\/wp-json\/wp\/v2\/product_cat?post=994529"},{"taxonomy":"product_tag","embeddable":true,"href":"https:\/\/isfelevator.com\/fr\/wp-json\/wp\/v2\/product_tag?post=994529"}],"curies":[{"name":"wp","href":"https:\/\/api.w.org\/{rel}","templated":true}]}}