{"id":994483,"date":"2023-02-24T13:09:23","date_gmt":"2023-02-24T13:09:23","guid":{"rendered":"https:\/\/isfelevator.com\/product\/io-c4l-cabin-operating-panel\/"},"modified":"2023-02-24T18:52:57","modified_gmt":"2023-02-24T18:52:57","slug":"io-panneau-de-commande-de-la-cabine-c4l","status":"publish","type":"product","link":"https:\/\/isfelevator.com\/fr\/product\/io-panneau-de-commande-de-la-cabine-c4l\/","title":{"rendered":"Io &#8211; Panneau de commande de la cabine C4L"},"content":{"rendered":"<p>Io &#8211; Panneau de commande de la cabine C4L<\/p>\n<ul>\n<li>Cadre en laiton moul\u00e9<\/li>\n<li>Feuille de laiton de 2 mm au milieu<\/li>\n<li>\u00d8 240 mm rond<\/li>\n<li>11 mm d&rsquo;\u00e9paisseur<\/li>\n<li>Patin\u00e9 Antique<\/li>\n<li>Mont\u00e9 en surface<\/li>\n<li>Bouton finition miroir or<\/li>\n<li>Jusqu&rsquo;\u00e0 5 boutons<\/li>\n<li>Peut \u00eatre utilis\u00e9 avec un \u00e9cran LCD, une matrice \u00e0 points et des fl\u00e8ches vers le haut et vers le bas.<\/li>\n<li>Options de LED pour boutons blancs, rouges, jaunes, verts et bleus<\/li>\n<li>Plaque d&rsquo;acier murale ins\u00e9r\u00e9e \u00e0 l&rsquo;arri\u00e8re convenant au montage sur mur ou panneau en pierre<\/li>\n<\/ul>\n","protected":false},"excerpt":{"rendered":"<p>Io &#8211; Panneau de commande de la cabine C4L<\/p>\n<p>&nbsp;<\/p>\n","protected":false},"featured_media":994101,"comment_status":"open","ping_status":"closed","template":"","meta":[],"product_brand":[],"product_cat":[808,832],"product_tag":[],"class_list":{"0":"post-994483","1":"product","2":"type-product","3":"status-publish","4":"has-post-thumbnail","6":"product_cat-elements-dascenseur","7":"product_cat-serie-vintage","9":"first","10":"instock","11":"shipping-taxable","12":"product-type-simple","13":"prodpage-style2"},"_links":{"self":[{"href":"https:\/\/isfelevator.com\/fr\/wp-json\/wp\/v2\/product\/994483","targetHints":{"allow":["GET"]}}],"collection":[{"href":"https:\/\/isfelevator.com\/fr\/wp-json\/wp\/v2\/product"}],"about":[{"href":"https:\/\/isfelevator.com\/fr\/wp-json\/wp\/v2\/types\/product"}],"replies":[{"embeddable":true,"href":"https:\/\/isfelevator.com\/fr\/wp-json\/wp\/v2\/comments?post=994483"}],"wp:featuredmedia":[{"embeddable":true,"href":"https:\/\/isfelevator.com\/fr\/wp-json\/wp\/v2\/media\/994101"}],"wp:attachment":[{"href":"https:\/\/isfelevator.com\/fr\/wp-json\/wp\/v2\/media?parent=994483"}],"wp:term":[{"taxonomy":"product_brand","embeddable":true,"href":"https:\/\/isfelevator.com\/fr\/wp-json\/wp\/v2\/product_brand?post=994483"},{"taxonomy":"product_cat","embeddable":true,"href":"https:\/\/isfelevator.com\/fr\/wp-json\/wp\/v2\/product_cat?post=994483"},{"taxonomy":"product_tag","embeddable":true,"href":"https:\/\/isfelevator.com\/fr\/wp-json\/wp\/v2\/product_tag?post=994483"}],"curies":[{"name":"wp","href":"https:\/\/api.w.org\/{rel}","templated":true}]}}