{"id":994473,"date":"2023-02-24T13:09:23","date_gmt":"2023-02-24T13:09:23","guid":{"rendered":"https:\/\/isfelevator.com\/product\/europa-l1-landing-operating-panel\/"},"modified":"2023-02-24T18:44:06","modified_gmt":"2023-02-24T18:44:06","slug":"europa-panneau-de-commande-datterrissage-l1","status":"publish","type":"product","link":"https:\/\/isfelevator.com\/fr\/product\/europa-panneau-de-commande-datterrissage-l1\/","title":{"rendered":"Europa &#8211; Panneau de commande d&rsquo;atterrissage L1"},"content":{"rendered":"<p><span style=\"vertical-align: inherit;\">Europa &#8211; Panneau de commande d&rsquo;atterrissage L1<\/span><\/p>\n<p><span style=\"vertical-align: inherit;\">Cadre en laiton coul\u00e9<\/span><\/p>\n<ul>\n<li><span style=\"vertical-align: inherit;\"><span style=\"vertical-align: inherit;\">Jusqu&rsquo;\u00e0 2 boutons<\/span><\/span><\/li>\n<li><span style=\"vertical-align: inherit;\"><span style=\"vertical-align: inherit;\">Feuille de laiton centrale de 2 mm vers le haut<\/span><\/span><\/li>\n<li><span style=\"vertical-align: inherit;\"><span style=\"vertical-align: inherit;\">Peut \u00eatre utilis\u00e9 Dot-Matrix &amp; Down Arrows<\/span><\/span><\/li>\n<li><span style=\"vertical-align: inherit;\"><span style=\"vertical-align: inherit;\">96 \u00d7 197 mm<\/span><\/span><\/li>\n<li><span style=\"vertical-align: inherit;\"><span style=\"vertical-align: inherit;\">9 mm d&rsquo;\u00e9paisseur<\/span><\/span><\/li>\n<li><span style=\"vertical-align: inherit;\"><span style=\"vertical-align: inherit;\">Options de LED de bouton blanc, rouge, jaune, vert et bleu<\/span><\/span><\/li>\n<li><span style=\"vertical-align: inherit;\"><span style=\"vertical-align: inherit;\">Patin\u00e9 Antique<\/span><\/span><\/li>\n<li><span style=\"vertical-align: inherit;\"><span style=\"vertical-align: inherit;\">Mont\u00e9 en surface<\/span><\/span><\/li>\n<li><span style=\"vertical-align: inherit;\"><span style=\"vertical-align: inherit;\">plaque d&rsquo;acier murale ins\u00e9r\u00e9e \u00e0 l&rsquo;arri\u00e8re adapt\u00e9e au mur de pierre<\/span><\/span><\/li>\n<li><span style=\"vertical-align: inherit;\"><span style=\"vertical-align: inherit;\">Boutons de finition miroir dor\u00e9 et montage sur panneau<\/span><\/span><\/li>\n<\/ul>\n","protected":false},"excerpt":{"rendered":"<p><span style=\"vertical-align: inherit;\">Europa &#8211; Panneau de commande d&rsquo;atterrissage L1<\/span><\/p>\n","protected":false},"featured_media":994089,"comment_status":"open","ping_status":"closed","template":"","meta":[],"product_brand":[],"product_cat":[808,832],"product_tag":[],"class_list":{"0":"post-994473","1":"product","2":"type-product","3":"status-publish","4":"has-post-thumbnail","6":"product_cat-elements-dascenseur","7":"product_cat-serie-vintage","9":"first","10":"instock","11":"shipping-taxable","12":"product-type-simple","13":"prodpage-style2"},"_links":{"self":[{"href":"https:\/\/isfelevator.com\/fr\/wp-json\/wp\/v2\/product\/994473","targetHints":{"allow":["GET"]}}],"collection":[{"href":"https:\/\/isfelevator.com\/fr\/wp-json\/wp\/v2\/product"}],"about":[{"href":"https:\/\/isfelevator.com\/fr\/wp-json\/wp\/v2\/types\/product"}],"replies":[{"embeddable":true,"href":"https:\/\/isfelevator.com\/fr\/wp-json\/wp\/v2\/comments?post=994473"}],"wp:featuredmedia":[{"embeddable":true,"href":"https:\/\/isfelevator.com\/fr\/wp-json\/wp\/v2\/media\/994089"}],"wp:attachment":[{"href":"https:\/\/isfelevator.com\/fr\/wp-json\/wp\/v2\/media?parent=994473"}],"wp:term":[{"taxonomy":"product_brand","embeddable":true,"href":"https:\/\/isfelevator.com\/fr\/wp-json\/wp\/v2\/product_brand?post=994473"},{"taxonomy":"product_cat","embeddable":true,"href":"https:\/\/isfelevator.com\/fr\/wp-json\/wp\/v2\/product_cat?post=994473"},{"taxonomy":"product_tag","embeddable":true,"href":"https:\/\/isfelevator.com\/fr\/wp-json\/wp\/v2\/product_tag?post=994473"}],"curies":[{"name":"wp","href":"https:\/\/api.w.org\/{rel}","templated":true}]}}