{"id":994461,"date":"2023-02-24T13:09:23","date_gmt":"2023-02-24T13:09:23","guid":{"rendered":"https:\/\/isfelevator.com\/product\/arl-700-elevator-control-panels\/"},"modified":"2023-02-24T18:28:48","modified_gmt":"2023-02-24T18:28:48","slug":"panneaux-de-commande-pour-ascenseurs-arl-700","status":"publish","type":"product","link":"https:\/\/isfelevator.com\/fr\/product\/panneaux-de-commande-pour-ascenseurs-arl-700\/","title":{"rendered":"Panneaux de commande pour ascenseurs ARL 700"},"content":{"rendered":"<p>Panneaux de commande pour ascenseurs ARL 700<\/p>\n<ul>\n<li>Communication s\u00e9rie de l&rsquo;armoire via la ligne CANbus<\/li>\n<li>La connexion un \u00e0 un avec le c\u00e2ble plat enfichable entre le panneau de commande et la bo\u00eete de r\u00e9vision<\/li>\n<li>La connexion plug-and-play entre le panneau de commande de l&rsquo;armoire et la bo\u00eete de r\u00e9vision avec un c\u00e2ble unique enfichable<\/li>\n<li>Communication en s\u00e9rie via la ligne CANbus ou connexion parall\u00e8le au sol avec la carte MSP16<\/li>\n<li>Ligne CANbus du puits s&rsquo;\u00e9tendant sur toute la longueur du puits, avec des c\u00e2bles enfichables d&rsquo;\u00e9tage en \u00e9tage<\/li>\n<li>Connexion enfichable avec un c\u00e2ble enfichable attach\u00e9 \u00e0 la ligne CANbus pour chaque puits d&rsquo;\u00e9tage pour le panneau de contr\u00f4le d&rsquo;\u00e9tage.<\/li>\n<li>Installation de contact de porte s&rsquo;\u00e9tendant sur toute la longueur du puits, avec des c\u00e2bles enfichables d&rsquo;\u00e9tage en \u00e9tage.<\/li>\n<li>Connexion avec des c\u00e2bles enfichables pour l&rsquo;installation de contacts de porte s&rsquo;\u00e9tendant le long de tout le puits, avec des c\u00e2bles enfichables d&rsquo;\u00e9tage \u00e0 \u00e9tage pour les contacts enfichables de porte d&rsquo;\u00e9tag<\/li>\n<li>Connexion enfichable avec le bo\u00eetier de fond de puits par un seul c\u00e2ble<\/li>\n<li>Commande ind\u00e9pendante de la porte en fonction des arr\u00eats avec double support de porte<\/li>\n<li>R\u00e9cup\u00e9ration au sol dans le sens de la marche avec connexion d&rsquo;un groupe d&rsquo;onduleurs ou de batteries 1 phase 220VAC<\/li>\n<li>Fonctionnement avec des entra\u00eenements hydrauliques et autres VVVF avec les panneaux HSR cardl<\/li>\n<\/ul>\n","protected":false},"excerpt":{"rendered":"<div class=\"citem\">\n<div class=\"cbox01 key ff-03\">\n<div class=\"cbox01A\">\n<p>Conformit\u00e9 aux normes : En 81\/1-2\/20+A3<\/p>\n<p>Nombre d&rsquo;arr\u00eats : 64 arr\u00eats<\/p>\n<p>Type de contr\u00f4le : Pickup \u00e0 bouton unique Pickup \u00e0 double bouton<\/p>\n<p>Type d&rsquo;entra\u00eenement : Hydraulique, VVVF<\/p>\n<p>Vitesse de l&rsquo;\u00e9l\u00e9vateur (maximum) : 2,5 m\/sec<\/p>\n<p>Contr\u00f4le de groupe : 8<\/p>\n<p>Communication s\u00e9rielle : Plancher et cabine<\/p>\n<p>Information sur la position de la cabine : Commutateurs magn\u00e9tiques, syst\u00e8me d&rsquo;encodeur<\/p>\n<p>Contr\u00f4le automatique des portes : Porte simple, porte double<\/p>\n<p>Pontage de porte : Disponible sur<\/p>\n<p>Sorties d&rsquo;affichage : 7 Segments, Sortie LCD code Gray\/Binaire<\/p>\n<p>Options de langue : Turc, anglais (option de langue suppl\u00e9mentaire avec le terminal manuel Arem)<\/p>\n<\/div>\n<\/div>\n<\/div>\n","protected":false},"featured_media":994083,"comment_status":"open","ping_status":"closed","template":"","meta":[],"product_brand":[],"product_cat":[736],"product_tag":[],"class_list":{"0":"post-994461","1":"product","2":"type-product","3":"status-publish","4":"has-post-thumbnail","6":"product_cat-panneaux-de-controle-dascenseur","8":"first","9":"instock","10":"shipping-taxable","11":"product-type-simple","12":"prodpage-style2"},"_links":{"self":[{"href":"https:\/\/isfelevator.com\/fr\/wp-json\/wp\/v2\/product\/994461","targetHints":{"allow":["GET"]}}],"collection":[{"href":"https:\/\/isfelevator.com\/fr\/wp-json\/wp\/v2\/product"}],"about":[{"href":"https:\/\/isfelevator.com\/fr\/wp-json\/wp\/v2\/types\/product"}],"replies":[{"embeddable":true,"href":"https:\/\/isfelevator.com\/fr\/wp-json\/wp\/v2\/comments?post=994461"}],"wp:featuredmedia":[{"embeddable":true,"href":"https:\/\/isfelevator.com\/fr\/wp-json\/wp\/v2\/media\/994083"}],"wp:attachment":[{"href":"https:\/\/isfelevator.com\/fr\/wp-json\/wp\/v2\/media?parent=994461"}],"wp:term":[{"taxonomy":"product_brand","embeddable":true,"href":"https:\/\/isfelevator.com\/fr\/wp-json\/wp\/v2\/product_brand?post=994461"},{"taxonomy":"product_cat","embeddable":true,"href":"https:\/\/isfelevator.com\/fr\/wp-json\/wp\/v2\/product_cat?post=994461"},{"taxonomy":"product_tag","embeddable":true,"href":"https:\/\/isfelevator.com\/fr\/wp-json\/wp\/v2\/product_tag?post=994461"}],"curies":[{"name":"wp","href":"https:\/\/api.w.org\/{rel}","templated":true}]}}